{"id":13928,"date":"2022-06-04T09:51:52","date_gmt":"2022-06-04T09:51:52","guid":{"rendered":"https:\/\/pearsondev.probando.info\/?page_id=13928"},"modified":"2026-03-16T14:09:55","modified_gmt":"2026-03-16T14:09:55","slug":"declaracao-de-privacidade-da-pearson","status":"publish","type":"page","link":"https:\/\/pearsondev.probando.info\/pt-br\/declaracao-de-privacidade-da-pearson\/","title":{"rendered":"Declara\u00e7\u00e3o de Privacidade da Pearson"},"content":{"rendered":"\t\t<div data-elementor-type=\"wp-page\" data-elementor-id=\"13928\" class=\"elementor elementor-13928 elementor-2015\" data-elementor-post-type=\"page\">\n\t\t\t\t<div class=\"elementor-element elementor-element-710b16a e-flex e-con-boxed e-con e-parent\" data-id=\"710b16a\" data-element_type=\"container\" data-e-type=\"container\">\n\t\t\t\t\t<div class=\"e-con-inner\">\n\t\t\t\t<div class=\"elementor-element elementor-element-8c9cbb4 elementor-widget elementor-widget-text-editor\" data-id=\"8c9cbb4\" data-element_type=\"widget\" data-e-type=\"widget\" data-widget_type=\"text-editor.default\">\n\t\t\t\t\t\t\t\t\t<h3>1. <span style=\"font-weight: 400;\">Introdu\u00e7\u00e3o<\/span><\/h3><p><span style=\"font-weight: 400;\">Bem-vindo ao Centro de Privacidade da Pearson. Esta p\u00e1gina resume como a Pearson e seu grupo de empresas (&#8220;Pearson&#8221;, &#8220;n\u00f3s&#8221;, &#8220;nos&#8221;, &#8220;nosso&#8221;) usam dados pessoais. Esta p\u00e1gina \u00e9 um resumo, \u00e9 importante que voc\u00ea leia o Aviso do Centro de Privacidade da Pearson e as informa\u00e7\u00f5es de<\/span><\/p><p><span style=\"font-weight: 400;\">privacidade que compartilhamos enquanto voc\u00ea usa nossos servi\u00e7os (avisos just in time) para que voc\u00ea tenha uma compreens\u00e3o clara sobre como usamos as informa\u00e7\u00f5es sobre voc\u00ea.<\/span><\/p><p><span style=\"font-weight: 400;\">Para qualquer d\u00favida sobre como usamos seus dados pessoais, voc\u00ea pode entrar em contato conosco em:<\/span><\/p><p><span style=\"font-weight: 400;\">Diretor de Prote\u00e7\u00e3o de Dados: 80 Strand, Londres, WC2R 0RL<\/span><\/p><p><span style=\"font-weight: 400;\">Representante da UE: Pearson Benelux B.V. (PIB) Kabelweg 37, Amesterd\u00e3o, 1014 BA Pa\u00edses Baixos Voc\u00ea tamb\u00e9m pode nos enviar um e-mail para <\/span><a href=\"mailto:dataprivacy@pearson.com\"><span style=\"font-weight: 400;\">dataprivacy@pearson.com<\/span><span style=\"font-weight: 400;\">.<\/span><\/a><\/p><h3>2. <span style=\"font-weight: 400;\">O que a Pearson faz?<\/span><\/h3><p><span style=\"font-weight: 400;\">A Pearson fornece servi\u00e7os de educa\u00e7\u00e3o, treinamento e avalia\u00e7\u00e3o\/verifica\u00e7\u00e3o em todo o mundo (nossos &#8220;Servi\u00e7os&#8221;). Trabalhamos diretamente com indiv\u00edduos, como alunos, pais, professores e outros profissionais, e fornecemos nossos Servi\u00e7os a institui\u00e7\u00f5es (como escolas, universidades, empregadores). Mais informa\u00e7\u00f5es sobre isso est\u00e3o inclu\u00eddas na se\u00e7\u00e3o 1 do Aviso do Centro de Privacidade da Pearson.<\/span><\/p><h3>3. <span style=\"font-weight: 400;\">Quais dados pessoais coletamos e usamos?<\/span><\/h3><p><span style=\"font-weight: 400;\">Os dados pessoais que coletamos e usamos se enquadram amplamente nas seguintes categorias:<\/span><\/p><ul><li style=\"font-weight: 400;\" aria-level=\"2\"><span style=\"font-weight: 400;\">Registro, perfil, comprovante de identidade e informa\u00e7\u00f5es de compra<\/span><\/li><li style=\"font-weight: 400;\" aria-level=\"2\"><span style=\"font-weight: 400;\">Informa\u00e7\u00f5es coletadas como parte de Exames e certifica\u00e7\u00f5es, e Cursos Educacionais e Tutoria<\/span><\/li><li style=\"font-weight: 400;\" aria-level=\"2\"><span style=\"font-weight: 400;\">Atendimento ao cliente e informa\u00e7\u00f5es de suporte educacional\/de inscri\u00e7\u00e3o<\/span><\/li><li style=\"font-weight: 400;\" aria-level=\"2\"><span style=\"font-weight: 400;\">Dados gerados pelo usu\u00e1rio (por exemplo, sua participa\u00e7\u00e3o em f\u00f3runs)<\/span><\/li><li style=\"font-weight: 400;\" aria-level=\"2\"><span style=\"font-weight: 400;\">Dados gerados pela IA (por exemplo, como parte da pontua\u00e7\u00e3o da avalia\u00e7\u00e3o)<\/span><\/li><li style=\"font-weight: 400;\" aria-level=\"2\"><span style=\"font-weight: 400;\">Grava\u00e7\u00f5es de v\u00eddeo, imagem e \u00e1udio (por exemplo, coletadas durante salas de aula virtuais ou como parte da supervis\u00e3o de exames)<\/span><\/li><li style=\"font-weight: 400;\" aria-level=\"2\"><span style=\"font-weight: 400;\">Informa\u00e7\u00f5es de atividade e uso<\/span><\/li><li style=\"font-weight: 400;\" aria-level=\"2\"><span style=\"font-weight: 400;\">Dados de registro de localiza\u00e7\u00e3o, aplicativos e sistemas<\/span><span style=\"font-weight: 400;\"><br \/><\/span><\/li><\/ul><p><span style=\"font-weight: 400;\">Dados de categorias especiais (por exemplo, relativos \u00e0 sa\u00fade para acordos de acesso, tecnologia biom\u00e9trica de rosto e voz para evitar fraudes, e outras informa\u00e7\u00f5es sens\u00edveis para monitoramento da igualdade);<\/span><\/p><p><span style=\"font-weight: 400;\">Mais informa\u00e7\u00f5es sobre os tipos de dados que se enquadram nessas categorias podem ser encontradas na se\u00e7\u00e3o 2 do Aviso do Centro de Privacidade da Pearson.<\/span><\/p><h3>4. <span style=\"font-weight: 400;\">Por que coletamos seus dados pessoais?<\/span>\u00a0<\/h3><p><span style=\"font-weight: 400;\">Sujeito ao Servi\u00e7o que voc\u00ea usa, as principais maneiras pelas quais usamos os dados pessoais s\u00e3o com o objetivo de oferecer a voc\u00ea a melhor experi\u00eancia poss\u00edvel ao usar nossos Servi\u00e7os, ajudando voc\u00ea a acompanhar sua vida inteira de aprendizado \u2013 seja para facilitar o registro da conta, comunicar-se com voc\u00ea (incluindo marketing), pesquisa de mercado e melhoria do servi\u00e7o, personalizando sua experi\u00eancia, para evitar fraudes, gerenciar integra\u00e7\u00f5es com tecnologias de<\/span><\/p><p><span style=\"font-weight: 400;\">terceiros e cumprir leis e regulamentos e defender e exercer nossos direitos legais.<\/span><\/p><p><span style=\"font-weight: 400;\">Para obter descri\u00e7\u00f5es mais detalhadas, consulte a se\u00e7\u00e3o 5 do Aviso do Centro de Privacidade da Pearson.<\/span><\/p><h3>5. <span style=\"font-weight: 400;\">Dados de crian\u00e7as<\/span>\u00a0<\/h3><p><span style=\"font-weight: 400;\">A natureza de nossos Servi\u00e7os significa que frequentemente processamos informa\u00e7\u00f5es sobre usu\u00e1rios menores de 18 anos. Reconhecemos nossa responsabilidade de manter as crian\u00e7as<\/span><\/p><p><span style=\"font-weight: 400;\">seguras online e implementamos prote\u00e7\u00f5es adicionais para garantir isso. Fazemos isso trabalhando em estreita colabora\u00e7\u00e3o com os pais e as escolas, consulte a se\u00e7\u00e3o 4 do Aviso do Centro de Privacidade da Pearson para obter mais informa\u00e7\u00f5es.<\/span><\/p><h3>6. <span style=\"font-weight: 400;\">Uso de tecnologias de IA<\/span><\/h3><p><span style=\"font-weight: 400;\">Usamos tecnologias de intelig\u00eancia artificial (por exemplo, ao coletar suas grava\u00e7\u00f5es de v\u00eddeo e \u00e1udio durante os testes ou como parte de nossos processos de pontua\u00e7\u00e3o) para, entre outros prop\u00f3sitos, aumentar a consist\u00eancia, eliminar preconceitos e detectar casos de trapa\u00e7a. Algumas dessas atividades seriam realizadas automaticamente e podem exigir o uso de seus dados<\/span><\/p><p><span style=\"font-weight: 400;\">biom\u00e9tricos. Para obter mais informa\u00e7\u00f5es sobre essas atividades de processamento, consulte a se\u00e7\u00e3o 6 e a se\u00e7\u00e3o 8 do Aviso do Centro de Privacidade da Pearson.<\/span><\/p><h3>7. <span style=\"font-weight: 400;\">Por quanto tempo a Pearson mant\u00e9m meus dados pessoais?<\/span><\/h3><p><span style=\"font-weight: 400;\">Apenas durante o tempo necess\u00e1rio para cumprir os fins para os quais foi solicitado. Alguns tipos de informa\u00e7\u00f5es, como as relacionadas a qualifica\u00e7\u00f5es e escolas virtuais, precisam ser retidas por longos per\u00edodos de tempo. Mais informa\u00e7\u00f5es sobre isso est\u00e3o inclu\u00eddas na se\u00e7\u00e3o 10 do Aviso do Centro de Privacidade da Pearson.<\/span><\/p><h3>8. <span style=\"font-weight: 400;\">A Pearson compartilha meus dados pessoais com algu\u00e9m?<\/span><\/h3><p><span style=\"font-weight: 400;\">Sim. Compartilhamos dados pessoais com os membros do nosso grupo que nos ajudam a fornecer e melhorar nossos Servi\u00e7os. Dependendo do Servi\u00e7o em quest\u00e3o, tamb\u00e9m compartilhamos dados pessoais do usu\u00e1rio com suas institui\u00e7\u00f5es acad\u00eamicas, instrutores, empregadores e\/ou pais ou respons\u00e1veis, conforme apropriado. Seus dados pessoais s\u00e3o compartilhados com nossos<\/span><\/p><p><span style=\"font-weight: 400;\">fornecedores que nos ajudam a fornecer os Servi\u00e7os a voc\u00ea. Tamb\u00e9m podemos compartilhar seus dados pessoais com \u00f3rg\u00e3os reguladores, autoridades policiais, tribunais, com nossos consultores profissionais ou com outros terceiros, por exemplo, em conex\u00e3o com a venda ou investimento em nossos neg\u00f3cios. Mais informa\u00e7\u00f5es sobre isso est\u00e3o inclu\u00eddas na se\u00e7\u00e3o 11 do Aviso do Centro de Privacidade da Pearson.<\/span><\/p><h3>9. <span style=\"font-weight: 400;\">Seus dados pessoais permanecer\u00e3o em seu pa\u00eds?<\/span><\/h3><p><span style=\"font-weight: 400;\">Fazemos parte de uma organiza\u00e7\u00e3o global e usamos provedores de servi\u00e7os globais. Isso significa que seus dados pessoais podem ser processados fora do pa\u00eds em que voc\u00ea mora. S\u00f3 faremos isso em conformidade com as leis locais. Por exemplo, para residentes no Reino Unido e na UE, a Pearson cumpre os requisitos legais para celebrar Cl\u00e1usulas Contratuais Padr\u00e3o (e o adendo do<\/span><\/p><p><span style=\"font-weight: 400;\">Reino Unido) com importadores de dados. Mais informa\u00e7\u00f5es sobre isso est\u00e3o inclu\u00eddas na se\u00e7\u00e3o 11 do Aviso do Centro de Privacidade da Pearson.<\/span><\/p><h3>10.<span style=\"font-weight: 400;\">Quais direitos voc\u00ea tem?<\/span><\/h3><p><span style=\"font-weight: 400;\">Dependendo do pa\u00eds em que voc\u00ea est\u00e1, voc\u00ea pode ter direitos diferentes em rela\u00e7\u00e3o aos seus dados pessoais. A Se\u00e7\u00e3o 12 do Aviso do Centro de Privacidade da Pearson inclui uma descri\u00e7\u00e3o detalhada dos direitos dispon\u00edveis para indiv\u00edduos na Uni\u00e3o Europeia ou no Reino Unido. Isso inclui direitos de acessar dados, corrigir dados imprecisos, opor-se ou solicitar restri\u00e7\u00e3o de nosso processamento, solicitar a exclus\u00e3o de dados, solicitar que transfiramos seus dados para outro, cancelar o marketing ou retirar o consentimento. Voc\u00ea tamb\u00e9m tem o direito de reclamar com uma autoridade<\/span><\/p><p><span style=\"font-weight: 400;\">supervisora local.<\/span><\/p><h3>11. <span style=\"font-weight: 400;\">Quem \u00e9 o respons\u00e1vel pelo tratamento dos meus dados pessoais?<\/span><\/h3><p><span style=\"font-weight: 400;\">Para servi\u00e7os no Reino Unido e na Europa, a Pearson Education Limited \u00e9 normalmente a entidade controladora da Pearson, e, nos Estados Unidos e na \u00c1sia-Pac\u00edfico, normalmente \u00e9 a Pearson Education Inc ou a NCS Pearson Inc. Consulte os termos e condi\u00e7\u00f5es do seu servi\u00e7o para obter detalhes. Observe que pode haver ocasi\u00f5es em que o controlador de dados seja seu empregador ou institui\u00e7\u00e3o acad\u00eamica (ou seja, escola ou universidade) em vez da Pearson, isso ser\u00e1 explicado a voc\u00ea durante o uso dos Servi\u00e7os.<\/span><\/p>\t\t\t\t\t\t\t\t<\/div>\n\t\t\t\t\t<\/div>\n\t\t\t\t<\/div>\n\t\t\t\t<\/div>\n\t\t","protected":false},"excerpt":{"rendered":"<p>1. Introdu\u00e7\u00e3o Bem-vindo ao Centro de Privacidade da Pearson. Esta p\u00e1gina resume como a Pearson e seu grupo de empresas (&#8220;Pearson&#8221;, &#8220;n\u00f3s&#8221;, &#8220;nos&#8221;, &#8220;nosso&#8221;) usam dados pessoais. Esta p\u00e1gina \u00e9 um resumo, \u00e9 importante que voc\u00ea leia o Aviso do Centro de Privacidade da Pearson e as informa\u00e7\u00f5es de privacidade que compartilhamos enquanto voc\u00ea usa [&hellip;]<\/p>\n","protected":false},"author":1,"featured_media":0,"parent":0,"menu_order":0,"comment_status":"closed","ping_status":"closed","template":"","meta":{"_acf_changed":false,"_bbp_topic_count":0,"_bbp_reply_count":0,"_bbp_total_topic_count":0,"_bbp_total_reply_count":0,"_bbp_voice_count":0,"_bbp_anonymous_reply_count":0,"_bbp_topic_count_hidden":0,"_bbp_reply_count_hidden":0,"_bbp_forum_subforum_count":0,"inline_featured_image":false,"footnotes":""},"class_list":["post-13928","page","type-page","status-publish","hentry"],"acf":[],"_links":{"self":[{"href":"https:\/\/pearsondev.probando.info\/pt-br\/wp-json\/wp\/v2\/pages\/13928","targetHints":{"allow":["GET"]}}],"collection":[{"href":"https:\/\/pearsondev.probando.info\/pt-br\/wp-json\/wp\/v2\/pages"}],"about":[{"href":"https:\/\/pearsondev.probando.info\/pt-br\/wp-json\/wp\/v2\/types\/page"}],"author":[{"embeddable":true,"href":"https:\/\/pearsondev.probando.info\/pt-br\/wp-json\/wp\/v2\/users\/1"}],"replies":[{"embeddable":true,"href":"https:\/\/pearsondev.probando.info\/pt-br\/wp-json\/wp\/v2\/comments?post=13928"}],"version-history":[{"count":4,"href":"https:\/\/pearsondev.probando.info\/pt-br\/wp-json\/wp\/v2\/pages\/13928\/revisions"}],"predecessor-version":[{"id":13942,"href":"https:\/\/pearsondev.probando.info\/pt-br\/wp-json\/wp\/v2\/pages\/13928\/revisions\/13942"}],"wp:attachment":[{"href":"https:\/\/pearsondev.probando.info\/pt-br\/wp-json\/wp\/v2\/media?parent=13928"}],"curies":[{"name":"wp","href":"https:\/\/api.w.org\/{rel}","templated":true}]}}