{"id":12879,"date":"2026-02-10T16:12:49","date_gmt":"2026-02-10T16:12:49","guid":{"rendered":"https:\/\/pearsondev.probando.info\/?page_id=12879"},"modified":"2026-03-11T17:35:53","modified_gmt":"2026-03-11T17:35:53","slug":"como-funciona","status":"publish","type":"page","link":"https:\/\/pearsondev.probando.info\/pt-br\/como-funciona\/","title":{"rendered":"Como funciona"},"content":{"rendered":"\t\t<div data-elementor-type=\"wp-page\" data-elementor-id=\"12879\" class=\"elementor elementor-12879 elementor-12266\" data-elementor-post-type=\"page\">\n\t\t\t\t<div class=\"elementor-element elementor-element-f03cf41 e-flex e-con-boxed e-con e-parent\" data-id=\"f03cf41\" data-element_type=\"container\" data-e-type=\"container\" data-settings=\"{&quot;background_background&quot;:&quot;classic&quot;}\">\n\t\t\t\t\t<div class=\"e-con-inner\">\n\t\t\t\t<div class=\"elementor-element elementor-element-ac91b8e elementor-widget-tablet__width-initial elementor-widget elementor-widget-heading\" data-id=\"ac91b8e\" data-element_type=\"widget\" data-e-type=\"widget\" data-widget_type=\"heading.default\">\n\t\t\t\t\t<h2 class=\"elementor-heading-title elementor-size-default\">1.<\/h2>\t\t\t\t<\/div>\n\t\t<div class=\"elementor-element elementor-element-211e19e e-con-full e-transform e-flex e-con e-child\" data-id=\"211e19e\" data-element_type=\"container\" data-e-type=\"container\" data-settings=\"{&quot;_transform_translateX_effect&quot;:{&quot;unit&quot;:&quot;%&quot;,&quot;size&quot;:-12,&quot;sizes&quot;:[]},&quot;_transform_translateX_effect_tablet&quot;:{&quot;unit&quot;:&quot;%&quot;,&quot;size&quot;:0,&quot;sizes&quot;:[]},&quot;_transform_translateX_effect_mobile&quot;:{&quot;unit&quot;:&quot;%&quot;,&quot;size&quot;:&quot;&quot;,&quot;sizes&quot;:[]},&quot;_transform_translateY_effect&quot;:{&quot;unit&quot;:&quot;px&quot;,&quot;size&quot;:&quot;&quot;,&quot;sizes&quot;:[]},&quot;_transform_translateY_effect_tablet&quot;:{&quot;unit&quot;:&quot;px&quot;,&quot;size&quot;:&quot;&quot;,&quot;sizes&quot;:[]},&quot;_transform_translateY_effect_mobile&quot;:{&quot;unit&quot;:&quot;px&quot;,&quot;size&quot;:&quot;&quot;,&quot;sizes&quot;:[]}}\">\n\t\t\t\t<div class=\"elementor-element elementor-element-7798158 elementor-widget elementor-widget-heading\" data-id=\"7798158\" data-element_type=\"widget\" data-e-type=\"widget\" data-widget_type=\"heading.default\">\n\t\t\t\t\t<h2 class=\"elementor-heading-title elementor-size-default\">Cadastre-se e crie seu perfil<\/h2>\t\t\t\t<\/div>\n\t\t\t\t<div class=\"elementor-element elementor-element-b8fffd7 elementor-widget elementor-widget-text-editor\" data-id=\"b8fffd7\" data-element_type=\"widget\" data-e-type=\"widget\" data-widget_type=\"text-editor.default\">\n\t\t\t\t\t\t\t\t\t<p data-start=\"4591\" data-end=\"4785\">Crie sua conta e personalize seu perfil de educador. Compartilhe sua experi\u00eancia, seus interesses e o contexto em que ensina para que a comunidade possa oferecer conex\u00f5es e conte\u00fados relevantes.<\/p><p data-start=\"4787\" data-end=\"5003\">Seu perfil \u00e9 o ponto de partida dentro do Educators Collective. A partir dele, voc\u00ea pode acompanhar temas espec\u00edficos, participar de discuss\u00f5es e acessar espa\u00e7os voltados ao seu desenvolvimento profissional cont\u00ednuo.<\/p><p data-start=\"5005\" data-end=\"5137\">Ao completar seu perfil, voc\u00ea passa a fazer parte de uma rede global de educadores comprometidos com a melhoria do ensino de ingl\u00eas<\/p>\t\t\t\t\t\t\t\t<\/div>\n\t\t\t\t<\/div>\n\t\t\t\t\t<\/div>\n\t\t\t\t<\/div>\n\t\t<div class=\"elementor-element elementor-element-34ce07b elementor-hidden-mobile e-flex e-con-boxed e-con e-parent\" data-id=\"34ce07b\" data-element_type=\"container\" data-e-type=\"container\">\n\t\t\t\t\t<div class=\"e-con-inner\">\n\t\t\t\t<div class=\"elementor-element elementor-element-d83ec72 elementor-absolute e-transform elementor-widget elementor-widget-image\" data-id=\"d83ec72\" data-element_type=\"widget\" data-e-type=\"widget\" data-settings=\"{&quot;_position&quot;:&quot;absolute&quot;,&quot;_transform_translateY_effect&quot;:{&quot;unit&quot;:&quot;%&quot;,&quot;size&quot;:-50,&quot;sizes&quot;:[]},&quot;_transform_translateY_effect_tablet&quot;:{&quot;unit&quot;:&quot;%&quot;,&quot;size&quot;:&quot;&quot;,&quot;sizes&quot;:[]},&quot;_transform_translateY_effect_mobile&quot;:{&quot;unit&quot;:&quot;%&quot;,&quot;size&quot;:&quot;&quot;,&quot;sizes&quot;:[]},&quot;_transform_translateX_effect&quot;:{&quot;unit&quot;:&quot;px&quot;,&quot;size&quot;:&quot;&quot;,&quot;sizes&quot;:[]},&quot;_transform_translateX_effect_tablet&quot;:{&quot;unit&quot;:&quot;px&quot;,&quot;size&quot;:&quot;&quot;,&quot;sizes&quot;:[]},&quot;_transform_translateX_effect_mobile&quot;:{&quot;unit&quot;:&quot;px&quot;,&quot;size&quot;:&quot;&quot;,&quot;sizes&quot;:[]}}\" data-widget_type=\"image.default\">\n\t\t\t\t\t\t\t\t\t\t\t\t\t\t\t<img fetchpriority=\"high\" decoding=\"async\" width=\"536\" height=\"1024\" src=\"https:\/\/pearsondev.probando.info\/wp-content\/uploads\/2026\/02\/flecha1.svg\" class=\"attachment-large size-large wp-image-12276\" alt=\"\" sizes=\"100vw\" \/>\t\t\t\t\t\t\t\t\t\t\t\t\t\t\t<\/div>\n\t\t\t\t\t<\/div>\n\t\t\t\t<\/div>\n\t\t<div class=\"elementor-element elementor-element-e70fe13 e-flex e-con-boxed e-con e-parent\" data-id=\"e70fe13\" data-element_type=\"container\" data-e-type=\"container\" data-settings=\"{&quot;background_background&quot;:&quot;classic&quot;}\">\n\t\t\t\t\t<div class=\"e-con-inner\">\n\t\t<div class=\"elementor-element elementor-element-5857bbd e-con-full e-flex e-con e-child\" data-id=\"5857bbd\" data-element_type=\"container\" data-e-type=\"container\">\n\t\t\t\t<div class=\"elementor-element elementor-element-873041d elementor-widget elementor-widget-heading\" data-id=\"873041d\" data-element_type=\"widget\" data-e-type=\"widget\" data-widget_type=\"heading.default\">\n\t\t\t\t\t<h2 class=\"elementor-heading-title elementor-size-default\">Participe, crie e conecte-se<\/h2>\t\t\t\t<\/div>\n\t\t\t\t<div class=\"elementor-element elementor-element-f7c89c9 elementor-widget elementor-widget-text-editor\" data-id=\"f7c89c9\" data-element_type=\"widget\" data-e-type=\"widget\" data-widget_type=\"text-editor.default\">\n\t\t\t\t\t\t\t\t\t<p data-start=\"5183\" data-end=\"5337\">Participe de f\u00f3runs e discuss\u00f5es profissionais onde poder\u00e1 compartilhar experi\u00eancias reais da sala de aula, fazer perguntas e conhecer novas perspectivas.<\/p><p data-start=\"5339\" data-end=\"5494\">Tamb\u00e9m participe de eventos, webinars e sess\u00f5es ao vivo que ampliam seu repert\u00f3rio pedag\u00f3gico e o mant\u00eam atualizado com tend\u00eancias e abordagens inovadoras.<\/p><p data-start=\"5496\" data-end=\"5664\">Al\u00e9m disso, voc\u00ea poder\u00e1 co-criar recursos e contribuir com ideias que apoiam outros educadores ao redor do mundo. Sua experi\u00eancia se transforma em aprendizado coletivo.<\/p>\t\t\t\t\t\t\t\t<\/div>\n\t\t\t\t<\/div>\n\t\t\t\t<div class=\"elementor-element elementor-element-c8bbea7 elementor-widget-tablet__width-initial elementor-widget elementor-widget-heading\" data-id=\"c8bbea7\" data-element_type=\"widget\" data-e-type=\"widget\" data-widget_type=\"heading.default\">\n\t\t\t\t\t<h2 class=\"elementor-heading-title elementor-size-default\">2.<\/h2>\t\t\t\t<\/div>\n\t\t\t\t\t<\/div>\n\t\t\t\t<\/div>\n\t\t<div class=\"elementor-element elementor-element-aafeadf elementor-hidden-mobile e-flex e-con-boxed e-con e-parent\" data-id=\"aafeadf\" data-element_type=\"container\" data-e-type=\"container\">\n\t\t\t\t\t<div class=\"e-con-inner\">\n\t\t\t\t<div class=\"elementor-element elementor-element-1c255f1 elementor-absolute e-transform elementor-widget elementor-widget-image\" data-id=\"1c255f1\" data-element_type=\"widget\" data-e-type=\"widget\" data-settings=\"{&quot;_position&quot;:&quot;absolute&quot;,&quot;_transform_translateY_effect&quot;:{&quot;unit&quot;:&quot;%&quot;,&quot;size&quot;:-50,&quot;sizes&quot;:[]},&quot;_transform_translateY_effect_tablet&quot;:{&quot;unit&quot;:&quot;%&quot;,&quot;size&quot;:&quot;&quot;,&quot;sizes&quot;:[]},&quot;_transform_translateY_effect_mobile&quot;:{&quot;unit&quot;:&quot;%&quot;,&quot;size&quot;:&quot;&quot;,&quot;sizes&quot;:[]},&quot;_transform_translateX_effect&quot;:{&quot;unit&quot;:&quot;px&quot;,&quot;size&quot;:&quot;&quot;,&quot;sizes&quot;:[]},&quot;_transform_translateX_effect_tablet&quot;:{&quot;unit&quot;:&quot;px&quot;,&quot;size&quot;:&quot;&quot;,&quot;sizes&quot;:[]},&quot;_transform_translateX_effect_mobile&quot;:{&quot;unit&quot;:&quot;px&quot;,&quot;size&quot;:&quot;&quot;,&quot;sizes&quot;:[]}}\" data-widget_type=\"image.default\">\n\t\t\t\t\t\t\t\t\t\t\t\t\t\t\t<img decoding=\"async\" width=\"770\" height=\"1024\" src=\"https:\/\/pearsondev.probando.info\/wp-content\/uploads\/2026\/02\/flecha2.svg\" class=\"attachment-large size-large wp-image-12277\" alt=\"\" sizes=\"100vw\" \/>\t\t\t\t\t\t\t\t\t\t\t\t\t\t\t<\/div>\n\t\t\t\t\t<\/div>\n\t\t\t\t<\/div>\n\t\t<div class=\"elementor-element elementor-element-521131f e-flex e-con-boxed e-con e-parent\" data-id=\"521131f\" data-element_type=\"container\" data-e-type=\"container\" data-settings=\"{&quot;background_background&quot;:&quot;classic&quot;}\">\n\t\t\t\t\t<div class=\"e-con-inner\">\n\t\t\t\t<div class=\"elementor-element elementor-element-fdfeae2 elementor-widget__width-initial elementor-widget elementor-widget-heading\" data-id=\"fdfeae2\" data-element_type=\"widget\" data-e-type=\"widget\" data-widget_type=\"heading.default\">\n\t\t\t\t\t<h2 class=\"elementor-heading-title elementor-size-default\">3.<\/h2>\t\t\t\t<\/div>\n\t\t<div class=\"elementor-element elementor-element-98890eb e-con-full e-transform e-flex e-con e-child\" data-id=\"98890eb\" data-element_type=\"container\" data-e-type=\"container\" data-settings=\"{&quot;_transform_translateX_effect&quot;:{&quot;unit&quot;:&quot;%&quot;,&quot;size&quot;:-22,&quot;sizes&quot;:[]},&quot;_transform_translateX_effect_tablet&quot;:{&quot;unit&quot;:&quot;%&quot;,&quot;size&quot;:0,&quot;sizes&quot;:[]},&quot;_transform_translateX_effect_mobile&quot;:{&quot;unit&quot;:&quot;%&quot;,&quot;size&quot;:&quot;&quot;,&quot;sizes&quot;:[]},&quot;_transform_translateY_effect&quot;:{&quot;unit&quot;:&quot;px&quot;,&quot;size&quot;:&quot;&quot;,&quot;sizes&quot;:[]},&quot;_transform_translateY_effect_tablet&quot;:{&quot;unit&quot;:&quot;px&quot;,&quot;size&quot;:&quot;&quot;,&quot;sizes&quot;:[]},&quot;_transform_translateY_effect_mobile&quot;:{&quot;unit&quot;:&quot;px&quot;,&quot;size&quot;:&quot;&quot;,&quot;sizes&quot;:[]}}\">\n\t\t\t\t<div class=\"elementor-element elementor-element-8d7bed6 elementor-widget elementor-widget-heading\" data-id=\"8d7bed6\" data-element_type=\"widget\" data-e-type=\"widget\" data-widget_type=\"heading.default\">\n\t\t\t\t\t<h2 class=\"elementor-heading-title elementor-size-default\">Seja reconhecido pela sua participa\u00e7\u00e3o<\/h2>\t\t\t\t<\/div>\n\t\t\t\t<div class=\"elementor-element elementor-element-7cb672e elementor-widget elementor-widget-text-editor\" data-id=\"7cb672e\" data-element_type=\"widget\" data-e-type=\"widget\" data-widget_type=\"text-editor.default\">\n\t\t\t\t\t\t\t\t\t<p data-start=\"5720\" data-end=\"5872\">Cada contribui\u00e7\u00e3o \u00e9 valorizada. Ao participar de discuss\u00f5es e atividades, voc\u00ea acumula pontos e distintivos que refletem seu envolvimento na comunidade.<\/p><p data-start=\"5874\" data-end=\"5977\">Nosso sistema de reconhecimento destaca sua trajet\u00f3ria e incentiva o crescimento profissional cont\u00ednuo.<\/p><p data-start=\"5979\" data-end=\"6129\">Voc\u00ea tamb\u00e9m pode acessar recompensas e benef\u00edcios exclusivos que reconhecem sua dedica\u00e7\u00e3o. Aqui, sua voz tem impacto e sua contribui\u00e7\u00e3o faz diferen\u00e7a.<\/p>\t\t\t\t\t\t\t\t<\/div>\n\t\t\t\t<\/div>\n\t\t\t\t\t<\/div>\n\t\t\t\t<\/div>\n\t\t\t\t<\/div>\n\t\t","protected":false},"excerpt":{"rendered":"<p>1. Cadastre-se e crie seu perfil Crie sua conta e personalize seu perfil de educador. Compartilhe sua experi\u00eancia, seus interesses e o contexto em que ensina para que a comunidade possa oferecer conex\u00f5es e conte\u00fados relevantes. Seu perfil \u00e9 o ponto de partida dentro do Educators Collective. A partir dele, voc\u00ea pode acompanhar temas espec\u00edficos, [&hellip;]<\/p>\n","protected":false},"author":1,"featured_media":0,"parent":0,"menu_order":0,"comment_status":"closed","ping_status":"closed","template":"","meta":{"_acf_changed":false,"_bbp_topic_count":0,"_bbp_reply_count":0,"_bbp_total_topic_count":0,"_bbp_total_reply_count":0,"_bbp_voice_count":0,"_bbp_anonymous_reply_count":0,"_bbp_topic_count_hidden":0,"_bbp_reply_count_hidden":0,"_bbp_forum_subforum_count":0,"inline_featured_image":false,"footnotes":""},"class_list":["post-12879","page","type-page","status-publish","hentry"],"acf":[],"_links":{"self":[{"href":"https:\/\/pearsondev.probando.info\/pt-br\/wp-json\/wp\/v2\/pages\/12879","targetHints":{"allow":["GET"]}}],"collection":[{"href":"https:\/\/pearsondev.probando.info\/pt-br\/wp-json\/wp\/v2\/pages"}],"about":[{"href":"https:\/\/pearsondev.probando.info\/pt-br\/wp-json\/wp\/v2\/types\/page"}],"author":[{"embeddable":true,"href":"https:\/\/pearsondev.probando.info\/pt-br\/wp-json\/wp\/v2\/users\/1"}],"replies":[{"embeddable":true,"href":"https:\/\/pearsondev.probando.info\/pt-br\/wp-json\/wp\/v2\/comments?post=12879"}],"version-history":[{"count":11,"href":"https:\/\/pearsondev.probando.info\/pt-br\/wp-json\/wp\/v2\/pages\/12879\/revisions"}],"predecessor-version":[{"id":14105,"href":"https:\/\/pearsondev.probando.info\/pt-br\/wp-json\/wp\/v2\/pages\/12879\/revisions\/14105"}],"wp:attachment":[{"href":"https:\/\/pearsondev.probando.info\/pt-br\/wp-json\/wp\/v2\/media?parent=12879"}],"curies":[{"name":"wp","href":"https:\/\/api.w.org\/{rel}","templated":true}]}}