{"id":12537,"date":"2022-06-04T09:46:53","date_gmt":"2022-06-04T09:46:53","guid":{"rendered":"https:\/\/pearsondev.probando.info\/?page_id=12537"},"modified":"2026-03-13T19:54:53","modified_gmt":"2026-03-13T19:54:53","slug":"contacte-nos","status":"publish","type":"page","link":"https:\/\/pearsondev.probando.info\/pt-br\/contacte-nos\/","title":{"rendered":"Contacte-nos"},"content":{"rendered":"\t\t<div data-elementor-type=\"wp-page\" data-elementor-id=\"12537\" class=\"elementor elementor-12537 elementor-2009\" data-elementor-post-type=\"page\">\n\t\t\t\t<div class=\"elementor-element elementor-element-4481957 e-con-full e-flex e-con e-parent\" data-id=\"4481957\" data-element_type=\"container\" data-e-type=\"container\" data-settings=\"{&quot;background_background&quot;:&quot;classic&quot;}\">\n\t\t<div class=\"elementor-element elementor-element-f91e514 e-con-full e-flex e-con e-child\" data-id=\"f91e514\" data-element_type=\"container\" data-e-type=\"container\">\n\t\t\t\t<div class=\"elementor-element elementor-element-40b5e35 elementor-widget elementor-widget-heading\" data-id=\"40b5e35\" data-element_type=\"widget\" data-e-type=\"widget\" data-widget_type=\"heading.default\">\n\t\t\t\t\t<h4 class=\"elementor-heading-title elementor-size-default\">CONTACT<\/h4>\t\t\t\t<\/div>\n\t\t<div class=\"elementor-element elementor-element-d28abed socialv-background-white e-con-full e-flex e-con e-child\" data-id=\"d28abed\" data-element_type=\"container\" data-e-type=\"container\" data-settings=\"{&quot;background_background&quot;:&quot;classic&quot;}\">\n\t\t<div class=\"elementor-element elementor-element-f80df59 e-con-full e-flex e-con e-child\" data-id=\"f80df59\" data-element_type=\"container\" data-e-type=\"container\">\n\t\t\t\t<div class=\"elementor-element elementor-element-5b0adf2 elementor-widget elementor-widget-heading\" data-id=\"5b0adf2\" data-element_type=\"widget\" data-e-type=\"widget\" data-widget_type=\"heading.default\">\n\t\t\t\t\t<h2 class=\"elementor-heading-title elementor-size-default\">Voc\u00ea tem d\u00favidas sobre o Pearson Educators Collective?<\/h2>\t\t\t\t<\/div>\n\t\t\t\t<div class=\"elementor-element elementor-element-5aa07af elementor-widget elementor-widget-text-editor\" data-id=\"5aa07af\" data-element_type=\"widget\" data-e-type=\"widget\" data-widget_type=\"text-editor.default\">\n\t\t\t\t\t\t\t\t\t<p>Preencha o formul\u00e1rio e nossa equipe entrar\u00e1 em contato para orientar voc\u00ea no pr\u00f3ximo passo do seu desenvolvimento profissional.<\/p>\t\t\t\t\t\t\t\t<\/div>\n\t\t<div class=\"elementor-element elementor-element-81631ac e-con-full e-flex e-con e-child\" data-id=\"81631ac\" data-element_type=\"container\" data-e-type=\"container\">\n\t\t\t\t<div class=\"elementor-element elementor-element-a95b3ff elementor-view-default elementor-widget elementor-widget-icon\" data-id=\"a95b3ff\" data-element_type=\"widget\" data-e-type=\"widget\" data-widget_type=\"icon.default\">\n\t\t\t\t\t\t\t<div class=\"elementor-icon-wrapper\">\n\t\t\t<div class=\"elementor-icon\">\n\t\t\t<i aria-hidden=\"true\" class=\"fas fa-envelope\"><\/i>\t\t\t<\/div>\n\t\t<\/div>\n\t\t\t\t\t\t<\/div>\n\t\t\t\t<div class=\"elementor-element elementor-element-cb9d4a4 elementor-widget elementor-widget-text-editor\" data-id=\"cb9d4a4\" data-element_type=\"widget\" data-e-type=\"widget\" data-widget_type=\"text-editor.default\">\n\t\t\t\t\t\t\t\t\t<p>Loren impsum<\/p>\t\t\t\t\t\t\t\t<\/div>\n\t\t\t\t<\/div>\n\t\t<div class=\"elementor-element elementor-element-2b9bc84 e-con-full e-flex e-con e-child\" data-id=\"2b9bc84\" data-element_type=\"container\" data-e-type=\"container\">\n\t\t\t\t<div class=\"elementor-element elementor-element-e6884e2 elementor-view-default elementor-widget elementor-widget-icon\" data-id=\"e6884e2\" data-element_type=\"widget\" data-e-type=\"widget\" data-widget_type=\"icon.default\">\n\t\t\t\t\t\t\t<div class=\"elementor-icon-wrapper\">\n\t\t\t<div class=\"elementor-icon\">\n\t\t\t<i aria-hidden=\"true\" class=\"fas fa-phone-alt\"><\/i>\t\t\t<\/div>\n\t\t<\/div>\n\t\t\t\t\t\t<\/div>\n\t\t\t\t<div class=\"elementor-element elementor-element-47a09ee elementor-widget elementor-widget-text-editor\" data-id=\"47a09ee\" data-element_type=\"widget\" data-e-type=\"widget\" data-widget_type=\"text-editor.default\">\n\t\t\t\t\t\t\t\t\t<p>Loren impsum<\/p>\t\t\t\t\t\t\t\t<\/div>\n\t\t\t\t<\/div>\n\t\t\t\t<\/div>\n\t\t<div class=\"elementor-element elementor-element-4cdac0c e-con-full e-flex e-con e-child\" data-id=\"4cdac0c\" data-element_type=\"container\" data-e-type=\"container\" data-settings=\"{&quot;background_background&quot;:&quot;classic&quot;}\">\n\t\t\t\t<div class=\"elementor-element elementor-element-f5904f2 elementor-widget elementor-widget-shortcode\" data-id=\"f5904f2\" data-element_type=\"widget\" data-e-type=\"widget\" data-widget_type=\"shortcode.default\">\n\t\t\t\t\t\t\t<div class=\"elementor-shortcode\">\n<div class=\"wpcf7 no-js\" id=\"wpcf7-f13912-o1\" lang=\"pt-BR\" dir=\"ltr\" data-wpcf7-id=\"13912\">\n<div class=\"screen-reader-response\"><p role=\"status\" aria-live=\"polite\" aria-atomic=\"true\"><\/p> <ul><\/ul><\/div>\n<form action=\"\/pt-br\/wp-json\/wp\/v2\/pages\/12537#wpcf7-f13912-o1\" method=\"post\" class=\"wpcf7-form init\" aria-label=\"Formul\u00e1rios de contato\" novalidate=\"novalidate\" data-status=\"init\">\n<fieldset class=\"hidden-fields-container\"><input type=\"hidden\" name=\"_wpcf7\" value=\"13912\" \/><input type=\"hidden\" name=\"_wpcf7_version\" value=\"6.1.5\" \/><input type=\"hidden\" name=\"_wpcf7_locale\" value=\"pt_BR\" \/><input type=\"hidden\" name=\"_wpcf7_unit_tag\" value=\"wpcf7-f13912-o1\" \/><input type=\"hidden\" name=\"_wpcf7_container_post\" value=\"0\" \/><input type=\"hidden\" name=\"_wpcf7_posted_data_hash\" value=\"\" \/>\n<\/fieldset>\n<div class=\"contact-form style-2\">\n    <div class=\"input-form\">\n        <div class=\"row\">\n            <div class=\"col-lg-12\">\n                <div class=\"form-floating\"><span class=\"wpcf7-form-control-wrap\" data-name=\"your-name\"><input size=\"40\" maxlength=\"400\" class=\"wpcf7-form-control wpcf7-text wpcf7-validates-as-required\" aria-required=\"true\" aria-invalid=\"false\" placeholder=\"Nome\" value=\"\" type=\"text\" name=\"your-name\" \/><\/span>\n                    <label class=\"socialv-form-label\"> Nome*<\/label>\n                <\/div>\n            <\/div>\n            <div class=\"col-lg-12\">\n                <div class=\"form-floating\"><span class=\"wpcf7-form-control-wrap\" data-name=\"your-email\"><input size=\"40\" maxlength=\"400\" class=\"wpcf7-form-control wpcf7-email wpcf7-validates-as-required wpcf7-text wpcf7-validates-as-email\" aria-required=\"true\" aria-invalid=\"false\" placeholder=\"Email\" value=\"\" type=\"email\" name=\"your-email\" \/><\/span>\n                    <label class=\"socialv-form-label\">Email*<\/label>\n                <\/div>\n            <\/div>\n            <div class=\"col-lg-12\">\n                <div class=\"form-floating\">\n                    <span class=\"wpcf7-form-control-wrap\" data-name=\"your-subject\"><input size=\"40\" maxlength=\"400\" class=\"wpcf7-form-control wpcf7-text wpcf7-validates-as-required\" aria-required=\"true\" aria-invalid=\"false\" placeholder=\"Assunto\" value=\"\" type=\"text\" name=\"your-subject\" \/><\/span>\n                    <label class=\"socialv-form-label\"> Assunto*<\/label>\n                <\/div>\n            <\/div>\n            <div class=\"col-lg-12\">\n                <div class=\"form-floating socialv-textarea\">\n                    <span class=\"wpcf7-form-control-wrap\" data-name=\"your-message\"><textarea cols=\"40\" rows=\"10\" maxlength=\"2000\" class=\"wpcf7-form-control wpcf7-textarea wpcf7-validates-as-required\" aria-required=\"true\" aria-invalid=\"false\" placeholder=\"Mensagem\" name=\"your-message\"><\/textarea><\/span>\n                    <label class=\"socialv-form-label\"> Mensagem*<\/label>\n                <\/div>\n            <\/div>\n            <div class=\"col-lg-12\">\n                <div class=\"socialv-checkbox\">\n                    <span class=\"wpcf7-form-control-wrap\" data-name=\"terms\"><span class=\"wpcf7-form-control wpcf7-acceptance\"><span class=\"wpcf7-list-item\"><label><input type=\"checkbox\" name=\"terms\" value=\"1\" aria-invalid=\"false\" \/><span class=\"wpcf7-list-item-label\">Aceite os nossos termos e condi\u00e7\u00f5es<\/span><\/label><\/span><\/span><\/span>\n                <\/div>\n                <div class=\"form-button\">\n                    <input class=\"wpcf7-form-control wpcf7-submit has-spinner btn elementor-button socialv-button\" type=\"submit\" value=\"Enviar\" \/>\n                <\/div>\n            <\/div>\n        <\/div>\n    <\/div>\n<\/div><div class=\"wpcf7-response-output\" aria-hidden=\"true\"><\/div>\n<\/form>\n<\/div>\n<\/div>\n\t\t\t\t\t\t<\/div>\n\t\t\t\t<\/div>\n\t\t\t\t<\/div>\n\t\t\t\t<\/div>\n\t\t<div class=\"elementor-element elementor-element-1daddf8 e-con-full e-flex e-con e-child\" data-id=\"1daddf8\" data-element_type=\"container\" data-e-type=\"container\">\n\t\t\t\t<div class=\"elementor-element elementor-element-e7218ef elementor-widget elementor-widget-heading\" data-id=\"e7218ef\" data-element_type=\"widget\" data-e-type=\"widget\" data-widget_type=\"heading.default\">\n\t\t\t\t\t<h4 class=\"elementor-heading-title elementor-size-default\">FAQS<\/h4>\t\t\t\t<\/div>\n\t\t<div class=\"elementor-element elementor-element-c844724 socialv-background-white e-con-full e-flex e-con e-child\" data-id=\"c844724\" data-element_type=\"container\" data-e-type=\"container\" data-settings=\"{&quot;background_background&quot;:&quot;classic&quot;}\">\n\t\t\t\t<div class=\"elementor-element elementor-element-a27b146 elementor-widget elementor-widget-n-accordion\" data-id=\"a27b146\" data-element_type=\"widget\" data-e-type=\"widget\" data-settings=\"{&quot;default_state&quot;:&quot;expanded&quot;,&quot;max_items_expended&quot;:&quot;one&quot;,&quot;n_accordion_animation_duration&quot;:{&quot;unit&quot;:&quot;ms&quot;,&quot;size&quot;:400,&quot;sizes&quot;:[]}}\" data-widget_type=\"nested-accordion.default\">\n\t\t\t\t\t\t\t<div class=\"e-n-accordion\" aria-label=\"Accordion. Open links with Enter or Space, close with Escape, and navigate with Arrow Keys\">\n\t\t\t\t\t\t<details id=\"e-n-accordion-item-1700\" class=\"e-n-accordion-item\" open>\n\t\t\t\t<summary class=\"e-n-accordion-item-title\" data-accordion-index=\"1\" tabindex=\"0\" aria-expanded=\"true\" aria-controls=\"e-n-accordion-item-1700\" >\n\t\t\t\t\t<span class='e-n-accordion-item-title-header'><div class=\"e-n-accordion-item-title-text\"> 1. O que \u00e9 o Pearson Educators Collective? <\/div><\/span>\n\t\t\t\t\t\t\t<span class='e-n-accordion-item-title-icon'>\n\t\t\t<span class='e-opened' ><i aria-hidden=\"true\" class=\"fas fa-minus\"><\/i><\/span>\n\t\t\t<span class='e-closed'><i aria-hidden=\"true\" class=\"fas fa-plus\"><\/i><\/span>\n\t\t<\/span>\n\n\t\t\t\t\t\t<\/summary>\n\t\t\t\t<div role=\"region\" aria-labelledby=\"e-n-accordion-item-1700\" class=\"elementor-element elementor-element-487830b e-con-full e-flex e-con e-child\" data-id=\"487830b\" data-element_type=\"container\" data-e-type=\"container\">\n\t\t<div role=\"region\" aria-labelledby=\"e-n-accordion-item-1700\" class=\"elementor-element elementor-element-8720573 e-flex e-con-boxed e-con e-child\" data-id=\"8720573\" data-element_type=\"container\" data-e-type=\"container\">\n\t\t\t\t\t<div class=\"e-con-inner\">\n\t\t\t\t<div class=\"elementor-element elementor-element-54303e4 elementor-widget elementor-widget-text-editor\" data-id=\"54303e4\" data-element_type=\"widget\" data-e-type=\"widget\" data-widget_type=\"text-editor.default\">\n\t\t\t\t\t\t\t\t\t<p data-start=\"4375\" data-end=\"4677\">Pearson Educators Collective \u00e9 uma comunidade global de professores de ingl\u00eas criada para promover colabora\u00e7\u00e3o, troca de ideias e desenvolvimento profissional cont\u00ednuo. \u00c9 um espa\u00e7o onde voc\u00ea pode se conectar com outros educadores e acessar recursos exclusivos.<\/p>\t\t\t\t\t\t\t\t<\/div>\n\t\t\t\t\t<\/div>\n\t\t\t\t<\/div>\n\t\t\t\t<\/div>\n\t\t\t\t\t<\/details>\n\t\t\t\t\t\t<details id=\"e-n-accordion-item-1701\" class=\"e-n-accordion-item\" >\n\t\t\t\t<summary class=\"e-n-accordion-item-title\" data-accordion-index=\"2\" tabindex=\"-1\" aria-expanded=\"false\" aria-controls=\"e-n-accordion-item-1701\" >\n\t\t\t\t\t<span class='e-n-accordion-item-title-header'><div class=\"e-n-accordion-item-title-text\"> 2. Quem pode fazer parte da comunidade? <\/div><\/span>\n\t\t\t\t\t\t\t<span class='e-n-accordion-item-title-icon'>\n\t\t\t<span class='e-opened' ><i aria-hidden=\"true\" class=\"fas fa-minus\"><\/i><\/span>\n\t\t\t<span class='e-closed'><i aria-hidden=\"true\" class=\"fas fa-plus\"><\/i><\/span>\n\t\t<\/span>\n\n\t\t\t\t\t\t<\/summary>\n\t\t\t\t<div role=\"region\" aria-labelledby=\"e-n-accordion-item-1701\" class=\"elementor-element elementor-element-73402b8 e-con-full e-flex e-con e-child\" data-id=\"73402b8\" data-element_type=\"container\" data-e-type=\"container\">\n\t\t<div role=\"region\" aria-labelledby=\"e-n-accordion-item-1701\" class=\"elementor-element elementor-element-0781c1e e-flex e-con-boxed e-con e-child\" data-id=\"0781c1e\" data-element_type=\"container\" data-e-type=\"container\">\n\t\t\t\t\t<div class=\"e-con-inner\">\n\t\t\t\t<div class=\"elementor-element elementor-element-ee4bdac elementor-widget elementor-widget-text-editor\" data-id=\"ee4bdac\" data-element_type=\"widget\" data-e-type=\"widget\" data-widget_type=\"text-editor.default\">\n\t\t\t\t\t\t\t\t\t<p>A comunidade \u00e9 aberta a professores de ingl\u00eas de diferentes contextos educacionais e n\u00edveis de experi\u00eancia. N\u00e3o importa onde voc\u00ea ensina ou em que etapa da carreira est\u00e1: este espa\u00e7o \u00e9 para educadores comprometidos com a melhoria do ensino de ingl\u00eas.<\/p>\t\t\t\t\t\t\t\t<\/div>\n\t\t\t\t\t<\/div>\n\t\t\t\t<\/div>\n\t\t\t\t<\/div>\n\t\t\t\t\t<\/details>\n\t\t\t\t\t\t<details id=\"e-n-accordion-item-1702\" class=\"e-n-accordion-item\" >\n\t\t\t\t<summary class=\"e-n-accordion-item-title\" data-accordion-index=\"3\" tabindex=\"-1\" aria-expanded=\"false\" aria-controls=\"e-n-accordion-item-1702\" >\n\t\t\t\t\t<span class='e-n-accordion-item-title-header'><div class=\"e-n-accordion-item-title-text\"> 3. Que tipo de atividades est\u00e3o dispon\u00edveis na plataforma? <\/div><\/span>\n\t\t\t\t\t\t\t<span class='e-n-accordion-item-title-icon'>\n\t\t\t<span class='e-opened' ><i aria-hidden=\"true\" class=\"fas fa-minus\"><\/i><\/span>\n\t\t\t<span class='e-closed'><i aria-hidden=\"true\" class=\"fas fa-plus\"><\/i><\/span>\n\t\t<\/span>\n\n\t\t\t\t\t\t<\/summary>\n\t\t\t\t<div role=\"region\" aria-labelledby=\"e-n-accordion-item-1702\" class=\"elementor-element elementor-element-0d9668e e-con-full e-flex e-con e-child\" data-id=\"0d9668e\" data-element_type=\"container\" data-e-type=\"container\">\n\t\t<div role=\"region\" aria-labelledby=\"e-n-accordion-item-1702\" class=\"elementor-element elementor-element-20d7ea4 e-flex e-con-boxed e-con e-child\" data-id=\"20d7ea4\" data-element_type=\"container\" data-e-type=\"container\">\n\t\t\t\t\t<div class=\"e-con-inner\">\n\t\t\t\t<div class=\"elementor-element elementor-element-8852139 elementor-widget elementor-widget-text-editor\" data-id=\"8852139\" data-element_type=\"widget\" data-e-type=\"widget\" data-widget_type=\"text-editor.default\">\n\t\t\t\t\t\t\t\t\t<p>Voc\u00ea poder\u00e1 participar de f\u00f3runs profissionais, webinars, eventos globais e iniciativas de co-cria\u00e7\u00e3o de recursos. Tamb\u00e9m ter\u00e1 acesso a conte\u00fados especializados desenvolvidos por especialistas em educa\u00e7\u00e3o.<\/p>\t\t\t\t\t\t\t\t<\/div>\n\t\t\t\t\t<\/div>\n\t\t\t\t<\/div>\n\t\t\t\t<\/div>\n\t\t\t\t\t<\/details>\n\t\t\t\t\t\t<details id=\"e-n-accordion-item-1703\" class=\"e-n-accordion-item\" >\n\t\t\t\t<summary class=\"e-n-accordion-item-title\" data-accordion-index=\"4\" tabindex=\"-1\" aria-expanded=\"false\" aria-controls=\"e-n-accordion-item-1703\" >\n\t\t\t\t\t<span class='e-n-accordion-item-title-header'><div class=\"e-n-accordion-item-title-text\"> 4. Como funciona o sistema de reconhecimento e recompensas? <\/div><\/span>\n\t\t\t\t\t\t\t<span class='e-n-accordion-item-title-icon'>\n\t\t\t<span class='e-opened' ><i aria-hidden=\"true\" class=\"fas fa-minus\"><\/i><\/span>\n\t\t\t<span class='e-closed'><i aria-hidden=\"true\" class=\"fas fa-plus\"><\/i><\/span>\n\t\t<\/span>\n\n\t\t\t\t\t\t<\/summary>\n\t\t\t\t<div role=\"region\" aria-labelledby=\"e-n-accordion-item-1703\" class=\"elementor-element elementor-element-4689eb8 e-con-full e-flex e-con e-child\" data-id=\"4689eb8\" data-element_type=\"container\" data-e-type=\"container\">\n\t\t<div role=\"region\" aria-labelledby=\"e-n-accordion-item-1703\" class=\"elementor-element elementor-element-f748a42 e-flex e-con-boxed e-con e-child\" data-id=\"f748a42\" data-element_type=\"container\" data-e-type=\"container\">\n\t\t\t\t\t<div class=\"e-con-inner\">\n\t\t\t\t<div class=\"elementor-element elementor-element-19bd2b2 elementor-widget elementor-widget-text-editor\" data-id=\"19bd2b2\" data-element_type=\"widget\" data-e-type=\"widget\" data-widget_type=\"text-editor.default\">\n\t\t\t\t\t\t\t\t\t<p>Ao participar das atividades e contribuir com a comunidade, voc\u00ea acumula pontos e distintivos que refletem seu envolvimento. Esses reconhecimentos podem proporcionar benef\u00edcios exclusivos e oportunidades especiais.<\/p>\t\t\t\t\t\t\t\t<\/div>\n\t\t\t\t\t<\/div>\n\t\t\t\t<\/div>\n\t\t\t\t<\/div>\n\t\t\t\t\t<\/details>\n\t\t\t\t\t\t<details id=\"e-n-accordion-item-1704\" class=\"e-n-accordion-item\" >\n\t\t\t\t<summary class=\"e-n-accordion-item-title\" data-accordion-index=\"5\" tabindex=\"-1\" aria-expanded=\"false\" aria-controls=\"e-n-accordion-item-1704\" >\n\t\t\t\t\t<span class='e-n-accordion-item-title-header'><div class=\"e-n-accordion-item-title-text\"> 5. H\u00e1 custo para participar do Pearson Educators Collective? <\/div><\/span>\n\t\t\t\t\t\t\t<span class='e-n-accordion-item-title-icon'>\n\t\t\t<span class='e-opened' ><i aria-hidden=\"true\" class=\"fas fa-minus\"><\/i><\/span>\n\t\t\t<span class='e-closed'><i aria-hidden=\"true\" class=\"fas fa-plus\"><\/i><\/span>\n\t\t<\/span>\n\n\t\t\t\t\t\t<\/summary>\n\t\t\t\t<div role=\"region\" aria-labelledby=\"e-n-accordion-item-1704\" class=\"elementor-element elementor-element-47f93a0 e-con-full e-flex e-con e-child\" data-id=\"47f93a0\" data-element_type=\"container\" data-e-type=\"container\">\n\t\t<div role=\"region\" aria-labelledby=\"e-n-accordion-item-1704\" class=\"elementor-element elementor-element-271074f e-flex e-con-boxed e-con e-child\" data-id=\"271074f\" data-element_type=\"container\" data-e-type=\"container\">\n\t\t\t\t\t<div class=\"e-con-inner\">\n\t\t\t\t<div class=\"elementor-element elementor-element-5dde930 elementor-widget elementor-widget-text-editor\" data-id=\"5dde930\" data-element_type=\"widget\" data-e-type=\"widget\" data-widget_type=\"text-editor.default\">\n\t\t\t\t\t\t\t\t\t<p>A comunidade foi criada para facilitar o acesso ao desenvolvimento profissional. Para informa\u00e7\u00f5es espec\u00edficas sobre registro e condi\u00e7\u00f5es de participa\u00e7\u00e3o, consulte a p\u00e1gina de inscri\u00e7\u00e3o.<\/p>\t\t\t\t\t\t\t\t<\/div>\n\t\t\t\t\t<\/div>\n\t\t\t\t<\/div>\n\t\t\t\t<\/div>\n\t\t\t\t\t<\/details>\n\t\t\t\t\t<\/div>\n\t\t\t\t\t<script type=\"application\/ld+json\">{\"@context\":\"https:\\\/\\\/schema.org\",\"@type\":\"FAQPage\",\"mainEntity\":[{\"@type\":\"Question\",\"name\":\"1. O que \\u00e9 o Pearson Educators Collective?\",\"acceptedAnswer\":{\"@type\":\"Answer\",\"text\":\"Pearson Educators Collective \\u00e9 uma comunidade global de professores de ingl\\u00eas criada para promover colabora\\u00e7\\u00e3o, troca de ideias e desenvolvimento profissional cont\\u00ednuo. \\u00c9 um espa\\u00e7o onde voc\\u00ea pode se conectar com outros educadores e acessar recursos exclusivos.\"}},{\"@type\":\"Question\",\"name\":\"2. Quem pode fazer parte da comunidade?\",\"acceptedAnswer\":{\"@type\":\"Answer\",\"text\":\"A comunidade \\u00e9 aberta a professores de ingl\\u00eas de diferentes contextos educacionais e n\\u00edveis de experi\\u00eancia. N\\u00e3o importa onde voc\\u00ea ensina ou em que etapa da carreira est\\u00e1: este espa\\u00e7o \\u00e9 para educadores comprometidos com a melhoria do ensino de ingl\\u00eas.\"}},{\"@type\":\"Question\",\"name\":\"3. Que tipo de atividades est\\u00e3o dispon\\u00edveis na plataforma?\",\"acceptedAnswer\":{\"@type\":\"Answer\",\"text\":\"Voc\\u00ea poder\\u00e1 participar de f\\u00f3runs profissionais, webinars, eventos globais e iniciativas de co-cria\\u00e7\\u00e3o de recursos. Tamb\\u00e9m ter\\u00e1 acesso a conte\\u00fados especializados desenvolvidos por especialistas em educa\\u00e7\\u00e3o.\"}},{\"@type\":\"Question\",\"name\":\"4. Como funciona o sistema de reconhecimento e recompensas?\",\"acceptedAnswer\":{\"@type\":\"Answer\",\"text\":\"Ao participar das atividades e contribuir com a comunidade, voc\\u00ea acumula pontos e distintivos que refletem seu envolvimento. Esses reconhecimentos podem proporcionar benef\\u00edcios exclusivos e oportunidades especiais.\"}},{\"@type\":\"Question\",\"name\":\"5. H\\u00e1 custo para participar do Pearson Educators Collective?\",\"acceptedAnswer\":{\"@type\":\"Answer\",\"text\":\"A comunidade foi criada para facilitar o acesso ao desenvolvimento profissional. Para informa\\u00e7\\u00f5es espec\\u00edficas sobre registro e condi\\u00e7\\u00f5es de participa\\u00e7\\u00e3o, consulte a p\\u00e1gina de inscri\\u00e7\\u00e3o.\"}}]}<\/script>\n\t\t\t\t\t\t\t<\/div>\n\t\t\t\t<\/div>\n\t\t\t\t<\/div>\n\t\t\t\t<\/div>\n\t\t\t\t<\/div>\n\t\t","protected":false},"excerpt":{"rendered":"<p>CONTACT Voc\u00ea tem d\u00favidas sobre o Pearson Educators Collective? Preencha o formul\u00e1rio e nossa equipe entrar\u00e1 em contato para orientar voc\u00ea no pr\u00f3ximo passo do seu desenvolvimento profissional. Loren impsum Loren impsum FAQS 1. O que \u00e9 o Pearson Educators Collective? Pearson Educators Collective \u00e9 uma comunidade global de professores de ingl\u00eas criada para promover [&hellip;]<\/p>\n","protected":false},"author":1,"featured_media":0,"parent":0,"menu_order":0,"comment_status":"closed","ping_status":"closed","template":"","meta":{"_acf_changed":false,"_bbp_topic_count":0,"_bbp_reply_count":0,"_bbp_total_topic_count":0,"_bbp_total_reply_count":0,"_bbp_voice_count":0,"_bbp_anonymous_reply_count":0,"_bbp_topic_count_hidden":0,"_bbp_reply_count_hidden":0,"_bbp_forum_subforum_count":0,"inline_featured_image":false,"footnotes":""},"class_list":["post-12537","page","type-page","status-publish","hentry"],"acf":[],"_links":{"self":[{"href":"https:\/\/pearsondev.probando.info\/pt-br\/wp-json\/wp\/v2\/pages\/12537","targetHints":{"allow":["GET"]}}],"collection":[{"href":"https:\/\/pearsondev.probando.info\/pt-br\/wp-json\/wp\/v2\/pages"}],"about":[{"href":"https:\/\/pearsondev.probando.info\/pt-br\/wp-json\/wp\/v2\/types\/page"}],"author":[{"embeddable":true,"href":"https:\/\/pearsondev.probando.info\/pt-br\/wp-json\/wp\/v2\/users\/1"}],"replies":[{"embeddable":true,"href":"https:\/\/pearsondev.probando.info\/pt-br\/wp-json\/wp\/v2\/comments?post=12537"}],"version-history":[{"count":13,"href":"https:\/\/pearsondev.probando.info\/pt-br\/wp-json\/wp\/v2\/pages\/12537\/revisions"}],"predecessor-version":[{"id":13915,"href":"https:\/\/pearsondev.probando.info\/pt-br\/wp-json\/wp\/v2\/pages\/12537\/revisions\/13915"}],"wp:attachment":[{"href":"https:\/\/pearsondev.probando.info\/pt-br\/wp-json\/wp\/v2\/media?parent=12537"}],"curies":[{"name":"wp","href":"https:\/\/api.w.org\/{rel}","templated":true}]}}