{"id":12475,"date":"2022-06-22T05:35:40","date_gmt":"2022-06-22T05:35:40","guid":{"rendered":"https:\/\/pearsondev.probando.info\/?page_id=12475"},"modified":"2026-03-16T16:54:14","modified_gmt":"2026-03-16T16:54:14","slug":"home","status":"publish","type":"page","link":"https:\/\/pearsondev.probando.info\/pt-br\/","title":{"rendered":"Home"},"content":{"rendered":"\t\t<div data-elementor-type=\"wp-page\" data-elementor-id=\"12475\" class=\"elementor elementor-12475 elementor-3838\" data-elementor-post-type=\"page\">\n\t\t\t\t<div class=\"elementor-element elementor-element-9d3761a e-flex e-con-boxed e-con e-parent\" data-id=\"9d3761a\" data-element_type=\"container\" data-e-type=\"container\" data-settings=\"{&quot;background_background&quot;:&quot;video&quot;,&quot;background_video_link&quot;:&quot;https:\\\/\\\/pearsondev.probando.info\\\/wp-content\\\/uploads\\\/2026\\\/02\\\/waves-fucsia-3-pearsonpurple-slow-16x9-l2r-hires-v01.mp4&quot;,&quot;background_play_on_mobile&quot;:&quot;yes&quot;}\">\n\t\t\t\t\t<div class=\"e-con-inner\">\n\t\t<div class=\"elementor-background-video-container\">\n\t\t\t\t\t\t\t<video class=\"elementor-background-video-hosted\" role=\"presentation\" autoplay muted playsinline loop><\/video>\n\t\t\t\t\t<\/div><div class=\"elementor-element elementor-element-22b597b e-con-full e-flex e-con e-child\" data-id=\"22b597b\" data-element_type=\"container\" data-e-type=\"container\">\n\t\t\t\t<div class=\"elementor-element elementor-element-3c3658b elementor-widget elementor-widget-heading\" data-id=\"3c3658b\" data-element_type=\"widget\" data-e-type=\"widget\" data-widget_type=\"heading.default\">\n\t\t\t\t\t<h2 class=\"elementor-heading-title elementor-size-default\">Da compreens\u00e3o da sala de aula ao impacto institucional.<\/h2>\t\t\t\t<\/div>\n\t\t\t\t<div class=\"elementor-element elementor-element-a25cb8f elementor-widget elementor-widget-text-editor\" data-id=\"a25cb8f\" data-element_type=\"widget\" data-e-type=\"widget\" data-widget_type=\"text-editor.default\">\n\t\t\t\t\t\t\t\t\t<p>Apoiamos os educadores em todas as etapas de sua jornada.<\/p>\t\t\t\t\t\t\t\t<\/div>\n\t\t\t\t<div class=\"elementor-element elementor-element-d65a63e elementor-widget elementor-widget-button\" data-id=\"d65a63e\" data-element_type=\"widget\" data-e-type=\"widget\" data-widget_type=\"button.default\">\n\t\t\t\t\t\t\t\t\t\t<a class=\"elementor-button elementor-button-link elementor-size-sm\" href=\"https:\/\/pearsondev.probando.info\/pt-br\/registrar-se\/\">\n\t\t\t\t\t\t<span class=\"elementor-button-content-wrapper\">\n\t\t\t\t\t\t\t\t\t<span class=\"elementor-button-text\">Junte-se \u00e0 comunidade<\/span>\n\t\t\t\t\t<\/span>\n\t\t\t\t\t<\/a>\n\t\t\t\t\t\t\t\t<\/div>\n\t\t\t\t<\/div>\n\t\t\t\t\t<\/div>\n\t\t\t\t<\/div>\n\t\t<div class=\"elementor-element elementor-element-3b3951c e-flex e-con-boxed e-con e-parent\" data-id=\"3b3951c\" data-element_type=\"container\" data-e-type=\"container\" data-settings=\"{&quot;background_background&quot;:&quot;classic&quot;}\">\n\t\t\t\t\t<div class=\"e-con-inner\">\n\t\t<div class=\"elementor-element elementor-element-09e9398 e-con-full e-flex e-con e-child\" data-id=\"09e9398\" data-element_type=\"container\" data-e-type=\"container\" data-settings=\"{&quot;background_background&quot;:&quot;classic&quot;}\">\n\t\t\t\t<div class=\"elementor-element elementor-element-de48222 elementor-widget elementor-widget-heading\" data-id=\"de48222\" data-element_type=\"widget\" data-e-type=\"widget\" data-widget_type=\"heading.default\">\n\t\t\t\t\t<h2 class=\"elementor-heading-title elementor-size-default\">Uma comunidade global para educadores que moldam o futuro da aprendizagem.<\/h2>\t\t\t\t<\/div>\n\t\t\t\t<div class=\"elementor-element elementor-element-231eaf6 elementor-widget elementor-widget-text-editor\" data-id=\"231eaf6\" data-element_type=\"widget\" data-e-type=\"widget\" data-widget_type=\"text-editor.default\">\n\t\t\t\t\t\t\t\t\t<p>O Educators Collective \u00e9 uma comunidade global para educadores que se adaptam ao mundo da aprendizagem em constante evolu\u00e7\u00e3o. Impulsionado pela experi\u00eancia da Pearson em aprendizagem e avalia\u00e7\u00e3o, oferece um espa\u00e7o confi\u00e1vel para conectar, compartilhar e desenvolver-se profissionalmente, com suporte cont\u00ednuo personalizado para o ensino de idiomas.<\/p>\t\t\t\t\t\t\t\t<\/div>\n\t\t\t\t<div class=\"elementor-element elementor-element-f6cfdec elementor-widget elementor-widget-heading\" data-id=\"f6cfdec\" data-element_type=\"widget\" data-e-type=\"widget\" data-widget_type=\"heading.default\">\n\t\t\t\t\t<h2 class=\"elementor-heading-title elementor-size-default\">Por que participar da comunidade?<\/h2>\t\t\t\t<\/div>\n\t\t<div class=\"elementor-element elementor-element-4ddd09d e-con-full e-flex e-con e-child\" data-id=\"4ddd09d\" data-element_type=\"container\" data-e-type=\"container\">\n\t\t<div class=\"elementor-element elementor-element-46a892c e-con-full e-flex e-con e-child\" data-id=\"46a892c\" data-element_type=\"container\" data-e-type=\"container\" data-settings=\"{&quot;background_background&quot;:&quot;classic&quot;}\">\n\t\t\t\t<div class=\"elementor-element elementor-element-9cb5bfd elementor-widget elementor-widget-heading\" data-id=\"9cb5bfd\" data-element_type=\"widget\" data-e-type=\"widget\" data-widget_type=\"heading.default\">\n\t\t\t\t\t<h3 class=\"elementor-heading-title elementor-size-default\">Compartilhe sua jornada<\/h3>\t\t\t\t<\/div>\n\t\t\t\t<div class=\"elementor-element elementor-element-f232975 elementor-widget elementor-widget-text-editor\" data-id=\"f232975\" data-element_type=\"widget\" data-e-type=\"widget\" data-widget_type=\"text-editor.default\">\n\t\t\t\t\t\t\t\t\t<p>Cada aula que voc\u00ea ministra tem o poder de inspirar, inovar e transformar o aprendizado. Conecte-se com outros educadores do mundo todo, compartilhe experi\u00eancias reais e descubra novas maneiras de ensinar e aprender.<\/p>\t\t\t\t\t\t\t\t<\/div>\n\t\t\t\t<div class=\"elementor-element elementor-element-9822cfb elementor-widget elementor-widget-button\" data-id=\"9822cfb\" data-element_type=\"widget\" data-e-type=\"widget\" data-widget_type=\"button.default\">\n\t\t\t\t\t\t\t\t\t\t<a class=\"elementor-button elementor-button-link elementor-size-sm\" href=\"\/activity\">\n\t\t\t\t\t\t<span class=\"elementor-button-content-wrapper\">\n\t\t\t\t\t\t\t\t\t<span class=\"elementor-button-text\">Comece a compartilhar<\/span>\n\t\t\t\t\t<\/span>\n\t\t\t\t\t<\/a>\n\t\t\t\t\t\t\t\t<\/div>\n\t\t\t\t<\/div>\n\t\t<div class=\"elementor-element elementor-element-d10f5d4 e-con-full e-flex e-con e-child\" data-id=\"d10f5d4\" data-element_type=\"container\" data-e-type=\"container\" data-settings=\"{&quot;background_background&quot;:&quot;classic&quot;}\">\n\t\t\t\t<div class=\"elementor-element elementor-element-4b47e39 elementor-widget elementor-widget-heading\" data-id=\"4b47e39\" data-element_type=\"widget\" data-e-type=\"widget\" data-widget_type=\"heading.default\">\n\t\t\t\t\t<h3 class=\"elementor-heading-title elementor-size-default\">Transforme insights em impacto<\/h3>\t\t\t\t<\/div>\n\t\t\t\t<div class=\"elementor-element elementor-element-a4ce5da elementor-widget elementor-widget-text-editor\" data-id=\"a4ce5da\" data-element_type=\"widget\" data-e-type=\"widget\" data-widget_type=\"text-editor.default\">\n\t\t\t\t\t\t\t\t\t<p>Junte-se a uma comunidade onde sua experi\u00eancia em sala de aula \u00e9 valorizada. Participe de projetos de pesquisa, adquira experi\u00eancia pr\u00e1tica e destaque conquistas que far\u00e3o seu curr\u00edculo brilhar.<\/p>\t\t\t\t\t\t\t\t<\/div>\n\t\t\t\t<div class=\"elementor-element elementor-element-73b96be elementor-widget elementor-widget-button\" data-id=\"73b96be\" data-element_type=\"widget\" data-e-type=\"widget\" data-widget_type=\"button.default\">\n\t\t\t\t\t\t\t\t\t\t<a class=\"elementor-button elementor-button-link elementor-size-sm\" href=\"\/activity\">\n\t\t\t\t\t\t<span class=\"elementor-button-content-wrapper\">\n\t\t\t\t\t\t\t\t\t<span class=\"elementor-button-text\">Conecte-se com educadores<\/span>\n\t\t\t\t\t<\/span>\n\t\t\t\t\t<\/a>\n\t\t\t\t\t\t\t\t<\/div>\n\t\t\t\t<\/div>\n\t\t<div class=\"elementor-element elementor-element-7e20975 e-con-full e-flex e-con e-child\" data-id=\"7e20975\" data-element_type=\"container\" data-e-type=\"container\" data-settings=\"{&quot;background_background&quot;:&quot;classic&quot;}\">\n\t\t\t\t<div class=\"elementor-element elementor-element-a71bccb elementor-widget elementor-widget-heading\" data-id=\"a71bccb\" data-element_type=\"widget\" data-e-type=\"widget\" data-widget_type=\"heading.default\">\n\t\t\t\t\t<h3 class=\"elementor-heading-title elementor-size-default\">Seja recompensado<\/h3>\t\t\t\t<\/div>\n\t\t\t\t<div class=\"elementor-element elementor-element-1093235 elementor-widget elementor-widget-text-editor\" data-id=\"1093235\" data-element_type=\"widget\" data-e-type=\"widget\" data-widget_type=\"text-editor.default\">\n\t\t\t\t\t\t\t\t\t<p data-start=\"2368\" data-end=\"2499\">Suas contribui\u00e7\u00f5es s\u00e3o reconhecidas e recompensadas, apoiando seu crescimento como educador e gerando um impacto duradouro nos alunos.<\/p>\t\t\t\t\t\t\t\t<\/div>\n\t\t\t\t<div class=\"elementor-element elementor-element-6c054df elementor-widget elementor-widget-button\" data-id=\"6c054df\" data-element_type=\"widget\" data-e-type=\"widget\" data-widget_type=\"button.default\">\n\t\t\t\t\t\t\t\t\t\t<a class=\"elementor-button elementor-button-link elementor-size-sm\" href=\"\/activity\">\n\t\t\t\t\t\t<span class=\"elementor-button-content-wrapper\">\n\t\t\t\t\t\t\t\t\t<span class=\"elementor-button-text\">Cadastre-se agora<\/span>\n\t\t\t\t\t<\/span>\n\t\t\t\t\t<\/a>\n\t\t\t\t\t\t\t\t<\/div>\n\t\t\t\t<\/div>\n\t\t\t\t<\/div>\n\t\t\t\t<\/div>\n\t\t\t\t\t<\/div>\n\t\t\t\t<\/div>\n\t\t<div class=\"elementor-element elementor-element-e8fb7c3 e-flex e-con-boxed e-con e-child\" data-id=\"e8fb7c3\" data-element_type=\"container\" data-e-type=\"container\">\n\t\t\t\t\t<div class=\"e-con-inner\">\n\t\t<div class=\"elementor-element elementor-element-0601507 e-con-full e-flex e-con e-child\" data-id=\"0601507\" data-element_type=\"container\" data-e-type=\"container\">\n\t\t\t\t<div class=\"elementor-element elementor-element-5e4c258 elementor-widget elementor-widget-heading\" data-id=\"5e4c258\" data-element_type=\"widget\" data-e-type=\"widget\" data-widget_type=\"heading.default\">\n\t\t\t\t\t<h2 class=\"elementor-heading-title elementor-size-default\">O que voc\u00ea encontrar\u00e1 aqui<\/h2>\t\t\t\t<\/div>\n\t\t\t\t<div class=\"elementor-element elementor-element-77bc407 elementor-widget elementor-widget-text-editor\" data-id=\"77bc407\" data-element_type=\"widget\" data-e-type=\"widget\" data-widget_type=\"text-editor.default\">\n\t\t\t\t\t\t\t\t\t<p>Como membro do \u00a0Educators Collective, voc\u00ea ter\u00e1 acesso a:<\/p><ul><li>Aconselhamento especializado sobre ensino, aprendizagem e avalia\u00e7\u00e3o.<\/li><li>Discuss\u00f5es entre pares sobre desafios comuns<\/li><li>Informa\u00e7\u00f5es educacionais selecionadas.<\/li><li>Recursos prontos para uso em sala de aula.<\/li><li>Perspectivas sobre o futuro da educa\u00e7\u00e3o.<\/li><li>Oportunidades de desenvolvimento profissional.<\/li><li>Reconhecimento e recompensas pela participa\u00e7\u00e3o<\/li><\/ul>\t\t\t\t\t\t\t\t<\/div>\n\t\t\t\t<div class=\"elementor-element elementor-element-439765f elementor-widget elementor-widget-button\" data-id=\"439765f\" data-element_type=\"widget\" data-e-type=\"widget\" data-widget_type=\"button.default\">\n\t\t\t\t\t\t\t\t\t\t<a class=\"elementor-button elementor-button-link elementor-size-sm\" href=\"https:\/\/pearsondev.probando.info\/pt-br\/registrar-se\/\">\n\t\t\t\t\t\t<span class=\"elementor-button-content-wrapper\">\n\t\t\t\t\t\t\t\t\t<span class=\"elementor-button-text\">Registre-se hoje<\/span>\n\t\t\t\t\t<\/span>\n\t\t\t\t\t<\/a>\n\t\t\t\t\t\t\t\t<\/div>\n\t\t\t\t<\/div>\n\t\t<div class=\"elementor-element elementor-element-188d735 e-con-full e-flex e-con e-child\" data-id=\"188d735\" data-element_type=\"container\" data-e-type=\"container\">\n\t\t\t\t<div class=\"elementor-element elementor-element-6e29d8a elementor-widget elementor-widget-image\" data-id=\"6e29d8a\" data-element_type=\"widget\" data-e-type=\"widget\" data-widget_type=\"image.default\">\n\t\t\t\t\t\t\t\t\t\t\t\t\t\t\t<img fetchpriority=\"high\" decoding=\"async\" width=\"605\" height=\"400\" src=\"https:\/\/pearsondev.probando.info\/wp-content\/uploads\/2026\/02\/home-pearson.jpg\" class=\"attachment-large size-large wp-image-13374\" alt=\"\" srcset=\"https:\/\/pearsondev.probando.info\/wp-content\/uploads\/2026\/02\/home-pearson.jpg 605w, https:\/\/pearsondev.probando.info\/wp-content\/uploads\/2026\/02\/home-pearson-300x198.jpg 300w, https:\/\/pearsondev.probando.info\/wp-content\/uploads\/2026\/02\/home-pearson-50x33.jpg 50w, https:\/\/pearsondev.probando.info\/wp-content\/uploads\/2026\/02\/home-pearson-100x66.jpg 100w\" sizes=\"100vw\" \/>\t\t\t\t\t\t\t\t\t\t\t\t\t\t\t<\/div>\n\t\t\t\t<\/div>\n\t\t\t\t\t<\/div>\n\t\t\t\t<\/div>\n\t\t<div class=\"elementor-element elementor-element-02b0741 e-con-full e-flex e-con e-parent\" data-id=\"02b0741\" data-element_type=\"container\" data-e-type=\"container\" data-settings=\"{&quot;background_background&quot;:&quot;classic&quot;}\">\n\t\t<div class=\"elementor-element elementor-element-0564dc2 e-con-full e-flex e-con e-child\" data-id=\"0564dc2\" data-element_type=\"container\" data-e-type=\"container\">\n\t\t\t\t<div class=\"elementor-element elementor-element-e1a24ab elementor-widget elementor-widget-image\" data-id=\"e1a24ab\" data-element_type=\"widget\" data-e-type=\"widget\" data-widget_type=\"image.default\">\n\t\t\t\t\t\t\t\t\t\t\t\t\t\t\t<img decoding=\"async\" width=\"952\" height=\"540\" src=\"https:\/\/pearsondev.probando.info\/wp-content\/uploads\/2026\/02\/shutterstock_2631298155.png\" class=\"attachment-large size-large wp-image-12479\" alt=\"\" srcset=\"https:\/\/pearsondev.probando.info\/wp-content\/uploads\/2026\/02\/shutterstock_2631298155.png 952w, https:\/\/pearsondev.probando.info\/wp-content\/uploads\/2026\/02\/shutterstock_2631298155-300x170.png 300w, https:\/\/pearsondev.probando.info\/wp-content\/uploads\/2026\/02\/shutterstock_2631298155-768x436.png 768w, https:\/\/pearsondev.probando.info\/wp-content\/uploads\/2026\/02\/shutterstock_2631298155-50x28.png 50w, https:\/\/pearsondev.probando.info\/wp-content\/uploads\/2026\/02\/shutterstock_2631298155-100x57.png 100w\" sizes=\"100vw\" \/>\t\t\t\t\t\t\t\t\t\t\t\t\t\t\t<\/div>\n\t\t\t\t<\/div>\n\t\t<div class=\"elementor-element elementor-element-4bd5aed e-con-full e-flex e-con e-child\" data-id=\"4bd5aed\" data-element_type=\"container\" data-e-type=\"container\">\n\t\t\t\t<div class=\"elementor-element elementor-element-3915b94 elementor-widget elementor-widget-heading\" data-id=\"3915b94\" data-element_type=\"widget\" data-e-type=\"widget\" data-widget_type=\"heading.default\">\n\t\t\t\t\t<h2 class=\"elementor-heading-title elementor-size-default\">Toda contribui\u00e7\u00e3o merece reconhecimento.<\/h2>\t\t\t\t<\/div>\n\t\t\t\t<div class=\"elementor-element elementor-element-bb2c4b7 elementor-widget elementor-widget-text-editor\" data-id=\"bb2c4b7\" data-element_type=\"widget\" data-e-type=\"widget\" data-widget_type=\"text-editor.default\">\n\t\t\t\t\t\t\t\t\t<p>Participe, crie e conecte-se com educadores de todo o mundo enquanto constr\u00f3i sua trajet\u00f3ria profissional e conquista reconhecimento pelo seu impacto em sala de aula.<\/p>\t\t\t\t\t\t\t\t<\/div>\n\t\t\t\t<div class=\"elementor-element elementor-element-03b0fff elementor-widget elementor-widget-button\" data-id=\"03b0fff\" data-element_type=\"widget\" data-e-type=\"widget\" data-widget_type=\"button.default\">\n\t\t\t\t\t\t\t\t\t\t<a class=\"elementor-button elementor-size-sm\" role=\"button\">\n\t\t\t\t\t\t<span class=\"elementor-button-content-wrapper\">\n\t\t\t\t\t\t\t\t\t<span class=\"elementor-button-text\">Junte-se \u00e0 comunidade<\/span>\n\t\t\t\t\t<\/span>\n\t\t\t\t\t<\/a>\n\t\t\t\t\t\t\t\t<\/div>\n\t\t\t\t<\/div>\n\t\t\t\t<\/div>\n\t\t<div class=\"elementor-element elementor-element-9e6db0b e-flex e-con-boxed e-con e-parent\" data-id=\"9e6db0b\" data-element_type=\"container\" data-e-type=\"container\" data-settings=\"{&quot;background_background&quot;:&quot;gradient&quot;}\">\n\t\t\t\t\t<div class=\"e-con-inner\">\n\t\t\t\t<div class=\"elementor-element elementor-element-96063dd elementor-widget__width-initial elementor-absolute elementor-widget elementor-widget-image\" data-id=\"96063dd\" data-element_type=\"widget\" data-e-type=\"widget\" data-settings=\"{&quot;_position&quot;:&quot;absolute&quot;}\" data-widget_type=\"image.default\">\n\t\t\t\t\t\t\t\t\t\t\t\t\t\t\t<img decoding=\"async\" width=\"1024\" height=\"817\" src=\"https:\/\/pearsondev.probando.info\/wp-content\/uploads\/2026\/02\/Grupo-4-1024x817.png\" class=\"attachment-large size-large wp-image-12481\" alt=\"\" srcset=\"https:\/\/pearsondev.probando.info\/wp-content\/uploads\/2026\/02\/Grupo-4-1024x817.png 1024w, https:\/\/pearsondev.probando.info\/wp-content\/uploads\/2026\/02\/Grupo-4-300x239.png 300w, https:\/\/pearsondev.probando.info\/wp-content\/uploads\/2026\/02\/Grupo-4-768x613.png 768w, https:\/\/pearsondev.probando.info\/wp-content\/uploads\/2026\/02\/Grupo-4-50x40.png 50w, https:\/\/pearsondev.probando.info\/wp-content\/uploads\/2026\/02\/Grupo-4-100x80.png 100w, https:\/\/pearsondev.probando.info\/wp-content\/uploads\/2026\/02\/Grupo-4.png 1041w\" sizes=\"100vw\" \/>\t\t\t\t\t\t\t\t\t\t\t\t\t\t\t<\/div>\n\t\t<div class=\"elementor-element elementor-element-baf5bf3 e-con-full e-flex e-con e-child\" data-id=\"baf5bf3\" data-element_type=\"container\" data-e-type=\"container\">\n\t\t\t\t<div class=\"elementor-element elementor-element-bcd5a02 elementor-widget elementor-widget-heading\" data-id=\"bcd5a02\" data-element_type=\"widget\" data-e-type=\"widget\" data-widget_type=\"heading.default\">\n\t\t\t\t\t<h2 class=\"elementor-heading-title elementor-size-default\">Voc\u00ea j\u00e1 est\u00e1 moldando o futuro.<\/h2>\t\t\t\t<\/div>\n\t\t\t\t<div class=\"elementor-element elementor-element-c78f390 elementor-widget elementor-widget-text-editor\" data-id=\"c78f390\" data-element_type=\"widget\" data-e-type=\"widget\" data-widget_type=\"text-editor.default\">\n\t\t\t\t\t\t\t\t\t<p>Agora, conecte-se com outras pessoas que est\u00e3o fazendo o mesmo.<\/p>\t\t\t\t\t\t\t\t<\/div>\n\t\t\t\t<div class=\"elementor-element elementor-element-fda5164 elementor-widget elementor-widget-button\" data-id=\"fda5164\" data-element_type=\"widget\" data-e-type=\"widget\" data-widget_type=\"button.default\">\n\t\t\t\t\t\t\t\t\t\t<a class=\"elementor-button elementor-size-sm\" role=\"button\">\n\t\t\t\t\t\t<span class=\"elementor-button-content-wrapper\">\n\t\t\t\t\t\t\t\t\t<span class=\"elementor-button-text\">Acesse a comunidade<\/span>\n\t\t\t\t\t<\/span>\n\t\t\t\t\t<\/a>\n\t\t\t\t\t\t\t\t<\/div>\n\t\t\t\t<\/div>\n\t\t<div class=\"elementor-element elementor-element-e03757f e-con-full e-flex e-con e-child\" data-id=\"e03757f\" data-element_type=\"container\" data-e-type=\"container\" data-settings=\"{&quot;background_background&quot;:&quot;classic&quot;}\">\n\t\t\t\t<div class=\"elementor-element elementor-element-a271cb3 elementor-widget elementor-widget-image\" data-id=\"a271cb3\" data-element_type=\"widget\" data-e-type=\"widget\" data-widget_type=\"image.default\">\n\t\t\t\t\t\t\t\t\t\t\t\t\t\t\t<img loading=\"lazy\" decoding=\"async\" width=\"542\" height=\"752\" src=\"https:\/\/pearsondev.probando.info\/wp-content\/uploads\/2026\/02\/home-pearson5-1.png\" class=\"attachment-large size-large wp-image-13380\" alt=\"\" srcset=\"https:\/\/pearsondev.probando.info\/wp-content\/uploads\/2026\/02\/home-pearson5-1.png 542w, https:\/\/pearsondev.probando.info\/wp-content\/uploads\/2026\/02\/home-pearson5-1-216x300.png 216w, https:\/\/pearsondev.probando.info\/wp-content\/uploads\/2026\/02\/home-pearson5-1-36x50.png 36w, https:\/\/pearsondev.probando.info\/wp-content\/uploads\/2026\/02\/home-pearson5-1-72x100.png 72w\" sizes=\"100vw\" \/>\t\t\t\t\t\t\t\t\t\t\t\t\t\t\t<\/div>\n\t\t\t\t<\/div>\n\t\t\t\t\t<\/div>\n\t\t\t\t<\/div>\n\t\t\t\t<\/div>\n\t\t","protected":false},"excerpt":{"rendered":"<p>Da compreens\u00e3o da sala de aula ao impacto institucional. Apoiamos os educadores em todas as etapas de sua jornada. Junte-se \u00e0 comunidade Uma comunidade global para educadores que moldam o futuro da aprendizagem. O Educators Collective \u00e9 uma comunidade global para educadores que se adaptam ao mundo da aprendizagem em constante evolu\u00e7\u00e3o. Impulsionado pela experi\u00eancia [&hellip;]<\/p>\n","protected":false},"author":1,"featured_media":0,"parent":0,"menu_order":0,"comment_status":"closed","ping_status":"closed","template":"","meta":{"_acf_changed":false,"_bbp_topic_count":0,"_bbp_reply_count":0,"_bbp_total_topic_count":0,"_bbp_total_reply_count":0,"_bbp_voice_count":0,"_bbp_anonymous_reply_count":0,"_bbp_topic_count_hidden":0,"_bbp_reply_count_hidden":0,"_bbp_forum_subforum_count":0,"inline_featured_image":false,"footnotes":""},"class_list":["post-12475","page","type-page","status-publish","hentry"],"acf":[],"_links":{"self":[{"href":"https:\/\/pearsondev.probando.info\/pt-br\/wp-json\/wp\/v2\/pages\/12475","targetHints":{"allow":["GET"]}}],"collection":[{"href":"https:\/\/pearsondev.probando.info\/pt-br\/wp-json\/wp\/v2\/pages"}],"about":[{"href":"https:\/\/pearsondev.probando.info\/pt-br\/wp-json\/wp\/v2\/types\/page"}],"author":[{"embeddable":true,"href":"https:\/\/pearsondev.probando.info\/pt-br\/wp-json\/wp\/v2\/users\/1"}],"replies":[{"embeddable":true,"href":"https:\/\/pearsondev.probando.info\/pt-br\/wp-json\/wp\/v2\/comments?post=12475"}],"version-history":[{"count":43,"href":"https:\/\/pearsondev.probando.info\/pt-br\/wp-json\/wp\/v2\/pages\/12475\/revisions"}],"predecessor-version":[{"id":14012,"href":"https:\/\/pearsondev.probando.info\/pt-br\/wp-json\/wp\/v2\/pages\/12475\/revisions\/14012"}],"wp:attachment":[{"href":"https:\/\/pearsondev.probando.info\/pt-br\/wp-json\/wp\/v2\/media?parent=12475"}],"curies":[{"name":"wp","href":"https:\/\/api.w.org\/{rel}","templated":true}]}}