{"id":2009,"date":"2022-06-04T09:46:53","date_gmt":"2022-06-04T09:46:53","guid":{"rendered":"https:\/?page_id=2009"},"modified":"2026-02-24T12:17:59","modified_gmt":"2026-02-24T12:17:59","slug":"contact-us","status":"publish","type":"page","link":"https:\/\/pearsondev.probando.info\/en\/contact-us\/","title":{"rendered":"Contact Us"},"content":{"rendered":"\t\t<div data-elementor-type=\"wp-page\" data-elementor-id=\"2009\" class=\"elementor elementor-2009\" data-elementor-post-type=\"page\">\n\t\t\t\t<div class=\"elementor-element elementor-element-4481957 e-con-full e-flex e-con e-parent\" data-id=\"4481957\" data-element_type=\"container\" data-e-type=\"container\" data-settings=\"{&quot;background_background&quot;:&quot;classic&quot;}\">\n\t\t<div class=\"elementor-element elementor-element-f91e514 e-con-full e-flex e-con e-child\" data-id=\"f91e514\" data-element_type=\"container\" data-e-type=\"container\">\n\t\t\t\t<div class=\"elementor-element elementor-element-40b5e35 elementor-widget elementor-widget-heading\" data-id=\"40b5e35\" data-element_type=\"widget\" data-e-type=\"widget\" data-widget_type=\"heading.default\">\n\t\t\t\t\t<h4 class=\"elementor-heading-title elementor-size-default\">CONTACT<\/h4>\t\t\t\t<\/div>\n\t\t<div class=\"elementor-element elementor-element-d28abed socialv-background-white e-con-full e-flex e-con e-child\" data-id=\"d28abed\" data-element_type=\"container\" data-e-type=\"container\" data-settings=\"{&quot;background_background&quot;:&quot;classic&quot;}\">\n\t\t<div class=\"elementor-element elementor-element-f80df59 e-con-full e-flex e-con e-child\" data-id=\"f80df59\" data-element_type=\"container\" data-e-type=\"container\">\n\t\t\t\t<div class=\"elementor-element elementor-element-5b0adf2 elementor-widget elementor-widget-heading\" data-id=\"5b0adf2\" data-element_type=\"widget\" data-e-type=\"widget\" data-widget_type=\"heading.default\">\n\t\t\t\t\t<h2 class=\"elementor-heading-title elementor-size-default\">Tienes preguntas sobre Pearson Educators Collective?<\/h2>\t\t\t\t<\/div>\n\t\t\t\t<div class=\"elementor-element elementor-element-5aa07af elementor-widget elementor-widget-text-editor\" data-id=\"5aa07af\" data-element_type=\"widget\" data-e-type=\"widget\" data-widget_type=\"text-editor.default\">\n\t\t\t\t\t\t\t\t\t<p data-start=\"320\" data-end=\"564\">Completa el formulario y nuestro equipo se pondr\u00e1 en contacto contigo para orientarte y acompa\u00f1arte en el siguiente paso de tu desarrollo profesional.<\/p><p data-start=\"566\" data-end=\"667\">\u00a0<\/p>\t\t\t\t\t\t\t\t<\/div>\n\t\t<div class=\"elementor-element elementor-element-81631ac e-con-full e-flex e-con e-child\" data-id=\"81631ac\" data-element_type=\"container\" data-e-type=\"container\">\n\t\t\t\t<div class=\"elementor-element elementor-element-a95b3ff elementor-view-default elementor-widget elementor-widget-icon\" data-id=\"a95b3ff\" data-element_type=\"widget\" data-e-type=\"widget\" data-widget_type=\"icon.default\">\n\t\t\t\t\t\t\t<div class=\"elementor-icon-wrapper\">\n\t\t\t<div class=\"elementor-icon\">\n\t\t\t<i aria-hidden=\"true\" class=\"fas fa-envelope\"><\/i>\t\t\t<\/div>\n\t\t<\/div>\n\t\t\t\t\t\t<\/div>\n\t\t\t\t<div class=\"elementor-element elementor-element-cb9d4a4 elementor-widget elementor-widget-text-editor\" data-id=\"cb9d4a4\" data-element_type=\"widget\" data-e-type=\"widget\" data-widget_type=\"text-editor.default\">\n\t\t\t\t\t\t\t\t\t<p>infor@pearson.com<\/p>\t\t\t\t\t\t\t\t<\/div>\n\t\t\t\t<\/div>\n\t\t<div class=\"elementor-element elementor-element-2b9bc84 e-con-full e-flex e-con e-child\" data-id=\"2b9bc84\" data-element_type=\"container\" data-e-type=\"container\">\n\t\t\t\t<div class=\"elementor-element elementor-element-e6884e2 elementor-view-default elementor-widget elementor-widget-icon\" data-id=\"e6884e2\" data-element_type=\"widget\" data-e-type=\"widget\" data-widget_type=\"icon.default\">\n\t\t\t\t\t\t\t<div class=\"elementor-icon-wrapper\">\n\t\t\t<div class=\"elementor-icon\">\n\t\t\t<i aria-hidden=\"true\" class=\"fas fa-phone-alt\"><\/i>\t\t\t<\/div>\n\t\t<\/div>\n\t\t\t\t\t\t<\/div>\n\t\t\t\t<div class=\"elementor-element elementor-element-47a09ee elementor-widget elementor-widget-text-editor\" data-id=\"47a09ee\" data-element_type=\"widget\" data-e-type=\"widget\" data-widget_type=\"text-editor.default\">\n\t\t\t\t\t\t\t\t\t<p>300 000 000<\/p>\t\t\t\t\t\t\t\t<\/div>\n\t\t\t\t<\/div>\n\t\t\t\t<\/div>\n\t\t<div class=\"elementor-element elementor-element-4cdac0c e-con-full e-flex e-con e-child\" data-id=\"4cdac0c\" data-element_type=\"container\" data-e-type=\"container\" data-settings=\"{&quot;background_background&quot;:&quot;classic&quot;}\">\n\t\t\t\t<div class=\"elementor-element elementor-element-f5904f2 elementor-widget elementor-widget-shortcode\" data-id=\"f5904f2\" data-element_type=\"widget\" data-e-type=\"widget\" data-widget_type=\"shortcode.default\">\n\t\t\t\t\t\t\t<div class=\"elementor-shortcode\">\n<div class=\"wpcf7 no-js\" id=\"wpcf7-f2142-o1\" lang=\"en-US\" dir=\"ltr\" data-wpcf7-id=\"2142\">\n<div class=\"screen-reader-response\"><p role=\"status\" aria-live=\"polite\" aria-atomic=\"true\"><\/p> <ul><\/ul><\/div>\n<form action=\"\/en\/wp-json\/wp\/v2\/pages\/2009#wpcf7-f2142-o1\" method=\"post\" class=\"wpcf7-form init\" aria-label=\"Contact form\" novalidate=\"novalidate\" data-status=\"init\">\n<fieldset class=\"hidden-fields-container\"><input type=\"hidden\" name=\"_wpcf7\" value=\"2142\" \/><input type=\"hidden\" name=\"_wpcf7_version\" value=\"6.1.5\" \/><input type=\"hidden\" name=\"_wpcf7_locale\" value=\"en_US\" \/><input type=\"hidden\" name=\"_wpcf7_unit_tag\" value=\"wpcf7-f2142-o1\" \/><input type=\"hidden\" name=\"_wpcf7_container_post\" value=\"0\" \/><input type=\"hidden\" name=\"_wpcf7_posted_data_hash\" value=\"\" \/>\n<\/fieldset>\n<div class=\"contact-form style-2\">\n    <div class=\"input-form\">\n        <div class=\"row\">\n            <div class=\"col-lg-12\">\n                <div class=\"form-floating\"><span class=\"wpcf7-form-control-wrap\" data-name=\"your-name\"><input size=\"40\" maxlength=\"400\" class=\"wpcf7-form-control wpcf7-text wpcf7-validates-as-required\" aria-required=\"true\" aria-invalid=\"false\" placeholder=\"Your Name\" value=\"\" type=\"text\" name=\"your-name\" \/><\/span>\n                    <label class=\"socialv-form-label\">Your Name*<\/label>\n                <\/div>\n            <\/div>\n            <div class=\"col-lg-12\">\n                <div class=\"form-floating\"><span class=\"wpcf7-form-control-wrap\" data-name=\"your-email\"><input size=\"40\" maxlength=\"400\" class=\"wpcf7-form-control wpcf7-email wpcf7-validates-as-required wpcf7-text wpcf7-validates-as-email\" aria-required=\"true\" aria-invalid=\"false\" placeholder=\"Your Email\" value=\"\" type=\"email\" name=\"your-email\" \/><\/span>\n                    <label class=\"socialv-form-label\">Your Email*<\/label>\n                <\/div>\n            <\/div>\n            <div class=\"col-lg-12\">\n                <div class=\"form-floating\">\n                    <span class=\"wpcf7-form-control-wrap\" data-name=\"your-subject\"><input size=\"40\" maxlength=\"400\" class=\"wpcf7-form-control wpcf7-text wpcf7-validates-as-required\" aria-required=\"true\" aria-invalid=\"false\" placeholder=\"Your Subject\" value=\"\" type=\"text\" name=\"your-subject\" \/><\/span>\n                    <label class=\"socialv-form-label\">Your Subject*<\/label>\n                <\/div>\n            <\/div>\n            <div class=\"col-lg-12\">\n                <div class=\"form-floating socialv-textarea\">\n                    <span class=\"wpcf7-form-control-wrap\" data-name=\"your-message\"><textarea cols=\"40\" rows=\"10\" maxlength=\"2000\" class=\"wpcf7-form-control wpcf7-textarea wpcf7-validates-as-required\" aria-required=\"true\" aria-invalid=\"false\" placeholder=\"Your message\" name=\"your-message\"><\/textarea><\/span>\n                    <label class=\"socialv-form-label\">Your\n                        Message*<\/label>\n                <\/div>\n            <\/div>\n            <div class=\"col-lg-12\">\n                <div class=\"socialv-checkbox\">\n                    <span class=\"wpcf7-form-control-wrap\" data-name=\"terms\"><span class=\"wpcf7-form-control wpcf7-acceptance\"><span class=\"wpcf7-list-item\"><label><input type=\"checkbox\" name=\"terms\" value=\"1\" aria-invalid=\"false\" \/><span class=\"wpcf7-list-item-label\">Agree to our terms & condition<\/span><\/label><\/span><\/span><\/span>\n                <\/div>\n                <div class=\"form-button\">\n                    <input class=\"wpcf7-form-control wpcf7-submit has-spinner btn elementor-button socialv-button\" type=\"submit\" value=\"Send\" \/>\n                <\/div>\n            <\/div>\n        <\/div>\n    <\/div>\n<\/div><div class=\"wpcf7-response-output\" aria-hidden=\"true\"><\/div>\n<\/form>\n<\/div>\n<\/div>\n\t\t\t\t\t\t<\/div>\n\t\t\t\t<\/div>\n\t\t\t\t<\/div>\n\t\t\t\t<\/div>\n\t\t<div class=\"elementor-element elementor-element-1daddf8 e-con-full e-flex e-con e-child\" data-id=\"1daddf8\" data-element_type=\"container\" data-e-type=\"container\">\n\t\t\t\t<div class=\"elementor-element elementor-element-e7218ef elementor-widget elementor-widget-heading\" data-id=\"e7218ef\" data-element_type=\"widget\" data-e-type=\"widget\" data-widget_type=\"heading.default\">\n\t\t\t\t\t<h4 class=\"elementor-heading-title elementor-size-default\">FAQS<\/h4>\t\t\t\t<\/div>\n\t\t<div class=\"elementor-element elementor-element-c844724 socialv-background-white e-con-full e-flex e-con e-child\" data-id=\"c844724\" data-element_type=\"container\" data-e-type=\"container\" data-settings=\"{&quot;background_background&quot;:&quot;classic&quot;}\">\n\t\t\t\t<div class=\"elementor-element elementor-element-a27b146 elementor-widget elementor-widget-n-accordion\" data-id=\"a27b146\" data-element_type=\"widget\" data-e-type=\"widget\" data-settings=\"{&quot;default_state&quot;:&quot;expanded&quot;,&quot;max_items_expended&quot;:&quot;one&quot;,&quot;n_accordion_animation_duration&quot;:{&quot;unit&quot;:&quot;ms&quot;,&quot;size&quot;:400,&quot;sizes&quot;:[]}}\" data-widget_type=\"nested-accordion.default\">\n\t\t\t\t\t\t\t<div class=\"e-n-accordion\" aria-label=\"Accordion. Open links with Enter or Space, close with Escape, and navigate with Arrow Keys\">\n\t\t\t\t\t\t<details id=\"e-n-accordion-item-1700\" class=\"e-n-accordion-item\" open>\n\t\t\t\t<summary class=\"e-n-accordion-item-title\" data-accordion-index=\"1\" tabindex=\"0\" aria-expanded=\"true\" aria-controls=\"e-n-accordion-item-1700\" >\n\t\t\t\t\t<span class='e-n-accordion-item-title-header'><div class=\"e-n-accordion-item-title-text\"> 1.\u00bfQu\u00e9 es Pearson Educators Collective? <\/div><\/span>\n\t\t\t\t\t\t\t<span class='e-n-accordion-item-title-icon'>\n\t\t\t<span class='e-opened' ><i aria-hidden=\"true\" class=\"fas fa-minus\"><\/i><\/span>\n\t\t\t<span class='e-closed'><i aria-hidden=\"true\" class=\"fas fa-plus\"><\/i><\/span>\n\t\t<\/span>\n\n\t\t\t\t\t\t<\/summary>\n\t\t\t\t<div role=\"region\" aria-labelledby=\"e-n-accordion-item-1700\" class=\"elementor-element elementor-element-487830b e-con-full e-flex e-con e-child\" data-id=\"487830b\" data-element_type=\"container\" data-e-type=\"container\">\n\t\t<div role=\"region\" aria-labelledby=\"e-n-accordion-item-1700\" class=\"elementor-element elementor-element-8720573 e-flex e-con-boxed e-con e-child\" data-id=\"8720573\" data-element_type=\"container\" data-e-type=\"container\">\n\t\t\t\t\t<div class=\"e-con-inner\">\n\t\t\t\t<div class=\"elementor-element elementor-element-54303e4 elementor-widget elementor-widget-text-editor\" data-id=\"54303e4\" data-element_type=\"widget\" data-e-type=\"widget\" data-widget_type=\"text-editor.default\">\n\t\t\t\t\t\t\t\t\t<p>Pearson Educators Collective es una comunidad global de docentes de ingl\u00e9s dise\u00f1ada para fomentar la colaboraci\u00f3n, el intercambio de ideas y el desarrollo profesional continuo. Es un espacio donde puedes conectar con otros educadores, acceder a recursos exclusivos y participar en actividades que fortalecen tu pr\u00e1ctica docente.<\/p>\t\t\t\t\t\t\t\t<\/div>\n\t\t\t\t\t<\/div>\n\t\t\t\t<\/div>\n\t\t\t\t<\/div>\n\t\t\t\t\t<\/details>\n\t\t\t\t\t\t<details id=\"e-n-accordion-item-1701\" class=\"e-n-accordion-item\" >\n\t\t\t\t<summary class=\"e-n-accordion-item-title\" data-accordion-index=\"2\" tabindex=\"-1\" aria-expanded=\"false\" aria-controls=\"e-n-accordion-item-1701\" >\n\t\t\t\t\t<span class='e-n-accordion-item-title-header'><div class=\"e-n-accordion-item-title-text\"> 2. \u00bfQui\u00e9n puede formar parte de la comunidad? <\/div><\/span>\n\t\t\t\t\t\t\t<span class='e-n-accordion-item-title-icon'>\n\t\t\t<span class='e-opened' ><i aria-hidden=\"true\" class=\"fas fa-minus\"><\/i><\/span>\n\t\t\t<span class='e-closed'><i aria-hidden=\"true\" class=\"fas fa-plus\"><\/i><\/span>\n\t\t<\/span>\n\n\t\t\t\t\t\t<\/summary>\n\t\t\t\t<div role=\"region\" aria-labelledby=\"e-n-accordion-item-1701\" class=\"elementor-element elementor-element-73402b8 e-con-full e-flex e-con e-child\" data-id=\"73402b8\" data-element_type=\"container\" data-e-type=\"container\">\n\t\t<div role=\"region\" aria-labelledby=\"e-n-accordion-item-1701\" class=\"elementor-element elementor-element-0781c1e e-flex e-con-boxed e-con e-child\" data-id=\"0781c1e\" data-element_type=\"container\" data-e-type=\"container\">\n\t\t\t\t\t<div class=\"e-con-inner\">\n\t\t\t\t<div class=\"elementor-element elementor-element-ee4bdac elementor-widget elementor-widget-text-editor\" data-id=\"ee4bdac\" data-element_type=\"widget\" data-e-type=\"widget\" data-widget_type=\"text-editor.default\">\n\t\t\t\t\t\t\t\t\t<p>La comunidad est\u00e1 abierta a docentes de ingl\u00e9s de distintos contextos y niveles de experiencia. No importa d\u00f3nde ense\u00f1es o en qu\u00e9 etapa profesional te encuentres: si est\u00e1s comprometido con mejorar la ense\u00f1anza del ingl\u00e9s, este espacio es para ti.<\/p>\t\t\t\t\t\t\t\t<\/div>\n\t\t\t\t\t<\/div>\n\t\t\t\t<\/div>\n\t\t\t\t<\/div>\n\t\t\t\t\t<\/details>\n\t\t\t\t\t\t<details id=\"e-n-accordion-item-1702\" class=\"e-n-accordion-item\" >\n\t\t\t\t<summary class=\"e-n-accordion-item-title\" data-accordion-index=\"3\" tabindex=\"-1\" aria-expanded=\"false\" aria-controls=\"e-n-accordion-item-1702\" >\n\t\t\t\t\t<span class='e-n-accordion-item-title-header'><div class=\"e-n-accordion-item-title-text\"> 3. \u00bfQu\u00e9 tipo de actividades puedo encontrar en la plataforma? <\/div><\/span>\n\t\t\t\t\t\t\t<span class='e-n-accordion-item-title-icon'>\n\t\t\t<span class='e-opened' ><i aria-hidden=\"true\" class=\"fas fa-minus\"><\/i><\/span>\n\t\t\t<span class='e-closed'><i aria-hidden=\"true\" class=\"fas fa-plus\"><\/i><\/span>\n\t\t<\/span>\n\n\t\t\t\t\t\t<\/summary>\n\t\t\t\t<div role=\"region\" aria-labelledby=\"e-n-accordion-item-1702\" class=\"elementor-element elementor-element-0d9668e e-con-full e-flex e-con e-child\" data-id=\"0d9668e\" data-element_type=\"container\" data-e-type=\"container\">\n\t\t<div role=\"region\" aria-labelledby=\"e-n-accordion-item-1702\" class=\"elementor-element elementor-element-20d7ea4 e-flex e-con-boxed e-con e-child\" data-id=\"20d7ea4\" data-element_type=\"container\" data-e-type=\"container\">\n\t\t\t\t\t<div class=\"e-con-inner\">\n\t\t\t\t<div class=\"elementor-element elementor-element-8852139 elementor-widget elementor-widget-text-editor\" data-id=\"8852139\" data-element_type=\"widget\" data-e-type=\"widget\" data-widget_type=\"text-editor.default\">\n\t\t\t\t\t\t\t\t\t<p>Podr\u00e1s participar en foros profesionales, webinars, eventos en vivo, co-creaci\u00f3n de recursos y conversaciones globales. Tambi\u00e9n tendr\u00e1s acceso a contenidos especializados desarrollados por expertos en educaci\u00f3n.<\/p>\t\t\t\t\t\t\t\t<\/div>\n\t\t\t\t\t<\/div>\n\t\t\t\t<\/div>\n\t\t\t\t<\/div>\n\t\t\t\t\t<\/details>\n\t\t\t\t\t\t<details id=\"e-n-accordion-item-1703\" class=\"e-n-accordion-item\" >\n\t\t\t\t<summary class=\"e-n-accordion-item-title\" data-accordion-index=\"4\" tabindex=\"-1\" aria-expanded=\"false\" aria-controls=\"e-n-accordion-item-1703\" >\n\t\t\t\t\t<span class='e-n-accordion-item-title-header'><div class=\"e-n-accordion-item-title-text\"> 4. \u00bfC\u00f3mo funciona el sistema de reconocimiento y recompensas? <\/div><\/span>\n\t\t\t\t\t\t\t<span class='e-n-accordion-item-title-icon'>\n\t\t\t<span class='e-opened' ><i aria-hidden=\"true\" class=\"fas fa-minus\"><\/i><\/span>\n\t\t\t<span class='e-closed'><i aria-hidden=\"true\" class=\"fas fa-plus\"><\/i><\/span>\n\t\t<\/span>\n\n\t\t\t\t\t\t<\/summary>\n\t\t\t\t<div role=\"region\" aria-labelledby=\"e-n-accordion-item-1703\" class=\"elementor-element elementor-element-4689eb8 e-con-full e-flex e-con e-child\" data-id=\"4689eb8\" data-element_type=\"container\" data-e-type=\"container\">\n\t\t<div role=\"region\" aria-labelledby=\"e-n-accordion-item-1703\" class=\"elementor-element elementor-element-f748a42 e-flex e-con-boxed e-con e-child\" data-id=\"f748a42\" data-element_type=\"container\" data-e-type=\"container\">\n\t\t\t\t\t<div class=\"e-con-inner\">\n\t\t\t\t<div class=\"elementor-element elementor-element-19bd2b2 elementor-widget elementor-widget-text-editor\" data-id=\"19bd2b2\" data-element_type=\"widget\" data-e-type=\"widget\" data-widget_type=\"text-editor.default\">\n\t\t\t\t\t\t\t\t\t<p>A medida que participas en actividades y contribuyes con la comunidad, acumulas puntos e insignias que reflejan tu compromiso. Estos pueden brindarte acceso a beneficios exclusivos y oportunidades especiales.<\/p>\t\t\t\t\t\t\t\t<\/div>\n\t\t\t\t\t<\/div>\n\t\t\t\t<\/div>\n\t\t\t\t<\/div>\n\t\t\t\t\t<\/details>\n\t\t\t\t\t\t<details id=\"e-n-accordion-item-1704\" class=\"e-n-accordion-item\" >\n\t\t\t\t<summary class=\"e-n-accordion-item-title\" data-accordion-index=\"5\" tabindex=\"-1\" aria-expanded=\"false\" aria-controls=\"e-n-accordion-item-1704\" >\n\t\t\t\t\t<span class='e-n-accordion-item-title-header'><div class=\"e-n-accordion-item-title-text\"> 5. \u00bfTiene alg\u00fan costo unirse a Pearson Educators Collective? <\/div><\/span>\n\t\t\t\t\t\t\t<span class='e-n-accordion-item-title-icon'>\n\t\t\t<span class='e-opened' ><i aria-hidden=\"true\" class=\"fas fa-minus\"><\/i><\/span>\n\t\t\t<span class='e-closed'><i aria-hidden=\"true\" class=\"fas fa-plus\"><\/i><\/span>\n\t\t<\/span>\n\n\t\t\t\t\t\t<\/summary>\n\t\t\t\t<div role=\"region\" aria-labelledby=\"e-n-accordion-item-1704\" class=\"elementor-element elementor-element-47f93a0 e-con-full e-flex e-con e-child\" data-id=\"47f93a0\" data-element_type=\"container\" data-e-type=\"container\">\n\t\t<div role=\"region\" aria-labelledby=\"e-n-accordion-item-1704\" class=\"elementor-element elementor-element-271074f e-flex e-con-boxed e-con e-child\" data-id=\"271074f\" data-element_type=\"container\" data-e-type=\"container\">\n\t\t\t\t\t<div class=\"e-con-inner\">\n\t\t\t\t<div class=\"elementor-element elementor-element-5dde930 elementor-widget elementor-widget-text-editor\" data-id=\"5dde930\" data-element_type=\"widget\" data-e-type=\"widget\" data-widget_type=\"text-editor.default\">\n\t\t\t\t\t\t\t\t\t<p data-start=\"3207\" data-end=\"3395\">La comunidad est\u00e1 dise\u00f1ada para facilitar el acceso al desarrollo profesional. Para conocer detalles espec\u00edficos sobre el registro y las condiciones de participaci\u00f3n, consulta la p\u00e1gina de inscripci\u00f3n.<\/p>\t\t\t\t\t\t\t\t<\/div>\n\t\t\t\t\t<\/div>\n\t\t\t\t<\/div>\n\t\t\t\t<\/div>\n\t\t\t\t\t<\/details>\n\t\t\t\t\t<\/div>\n\t\t\t\t\t<script type=\"application\/ld+json\">{\"@context\":\"https:\\\/\\\/schema.org\",\"@type\":\"FAQPage\",\"mainEntity\":[{\"@type\":\"Question\",\"name\":\"1.\\u00bfQu\\u00e9 es Pearson Educators Collective?\",\"acceptedAnswer\":{\"@type\":\"Answer\",\"text\":\"Pearson Educators Collective es una comunidad global de docentes de ingl\\u00e9s dise\\u00f1ada para fomentar la colaboraci\\u00f3n, el intercambio de ideas y el desarrollo profesional continuo. Es un espacio donde puedes conectar con otros educadores, acceder a recursos exclusivos y participar en actividades que fortalecen tu pr\\u00e1ctica docente.\"}},{\"@type\":\"Question\",\"name\":\"2. \\u00bfQui\\u00e9n puede formar parte de la comunidad?\",\"acceptedAnswer\":{\"@type\":\"Answer\",\"text\":\"La comunidad est\\u00e1 abierta a docentes de ingl\\u00e9s de distintos contextos y niveles de experiencia. No importa d\\u00f3nde ense\\u00f1es o en qu\\u00e9 etapa profesional te encuentres: si est\\u00e1s comprometido con mejorar la ense\\u00f1anza del ingl\\u00e9s, este espacio es para ti.\"}},{\"@type\":\"Question\",\"name\":\"3. \\u00bfQu\\u00e9 tipo de actividades puedo encontrar en la plataforma?\",\"acceptedAnswer\":{\"@type\":\"Answer\",\"text\":\"Podr\\u00e1s participar en foros profesionales, webinars, eventos en vivo, co-creaci\\u00f3n de recursos y conversaciones globales. Tambi\\u00e9n tendr\\u00e1s acceso a contenidos especializados desarrollados por expertos en educaci\\u00f3n.\"}},{\"@type\":\"Question\",\"name\":\"4. \\u00bfC\\u00f3mo funciona el sistema de reconocimiento y recompensas?\",\"acceptedAnswer\":{\"@type\":\"Answer\",\"text\":\"A medida que participas en actividades y contribuyes con la comunidad, acumulas puntos e insignias que reflejan tu compromiso. Estos pueden brindarte acceso a beneficios exclusivos y oportunidades especiales.\"}},{\"@type\":\"Question\",\"name\":\"5. \\u00bfTiene alg\\u00fan costo unirse a Pearson Educators Collective?\",\"acceptedAnswer\":{\"@type\":\"Answer\",\"text\":\"La comunidad est\\u00e1 dise\\u00f1ada para facilitar el acceso al desarrollo profesional. Para conocer detalles espec\\u00edficos sobre el registro y las condiciones de participaci\\u00f3n, consulta la p\\u00e1gina de inscripci\\u00f3n.\"}}]}<\/script>\n\t\t\t\t\t\t\t<\/div>\n\t\t\t\t<\/div>\n\t\t\t\t<\/div>\n\t\t\t\t<\/div>\n\t\t\t\t<\/div>\n\t\t","protected":false},"excerpt":{"rendered":"<p>CONTACT Tienes preguntas sobre Pearson Educators Collective? Completa el formulario y nuestro equipo se pondr\u00e1 en contacto contigo para orientarte y acompa\u00f1arte en el siguiente paso de tu desarrollo profesional. \u00a0 infor@pearson.com 300 000 000 FAQS 1.\u00bfQu\u00e9 es Pearson Educators Collective? Pearson Educators Collective es una comunidad global de docentes de ingl\u00e9s dise\u00f1ada para fomentar [&hellip;]<\/p>\n","protected":false},"author":1,"featured_media":0,"parent":0,"menu_order":0,"comment_status":"closed","ping_status":"closed","template":"","meta":{"_acf_changed":false,"_bbp_topic_count":0,"_bbp_reply_count":0,"_bbp_total_topic_count":0,"_bbp_total_reply_count":0,"_bbp_voice_count":0,"_bbp_anonymous_reply_count":0,"_bbp_topic_count_hidden":0,"_bbp_reply_count_hidden":0,"_bbp_forum_subforum_count":0,"inline_featured_image":false,"footnotes":""},"class_list":["post-2009","page","type-page","status-publish","hentry"],"acf":[],"_links":{"self":[{"href":"https:\/\/pearsondev.probando.info\/en\/wp-json\/wp\/v2\/pages\/2009","targetHints":{"allow":["GET"]}}],"collection":[{"href":"https:\/\/pearsondev.probando.info\/en\/wp-json\/wp\/v2\/pages"}],"about":[{"href":"https:\/\/pearsondev.probando.info\/en\/wp-json\/wp\/v2\/types\/page"}],"author":[{"embeddable":true,"href":"https:\/\/pearsondev.probando.info\/en\/wp-json\/wp\/v2\/users\/1"}],"replies":[{"embeddable":true,"href":"https:\/\/pearsondev.probando.info\/en\/wp-json\/wp\/v2\/comments?post=2009"}],"version-history":[{"count":15,"href":"https:\/\/pearsondev.probando.info\/en\/wp-json\/wp\/v2\/pages\/2009\/revisions"}],"predecessor-version":[{"id":13049,"href":"https:\/\/pearsondev.probando.info\/en\/wp-json\/wp\/v2\/pages\/2009\/revisions\/13049"}],"wp:attachment":[{"href":"https:\/\/pearsondev.probando.info\/en\/wp-json\/wp\/v2\/media?parent=2009"}],"curies":[{"name":"wp","href":"https:\/\/api.w.org\/{rel}","templated":true}]}}